{"id":662,"date":"2022-11-19T21:05:43","date_gmt":"2022-11-19T20:05:43","guid":{"rendered":"http:\/\/fez.ch\/wp\/?page_id=662"},"modified":"2022-11-19T21:05:47","modified_gmt":"2022-11-19T20:05:47","slug":"die-saatkrahe-die-suchoi-su-25-frogfoot","status":"publish","type":"page","link":"http:\/\/fez.ch\/wp\/?page_id=662","title":{"rendered":"Die Saatkr\u00e4he &#8211; Die Suchoi Su-25 Frogfoot"},"content":{"rendered":"\n<p>Bereits im 2. Weltkrieg hatte die Sowjetische Luftwaffe (VVS) mit der Il-2 Shturmovik ein Schlachtflugzeug im Dienst, welches der direkten Unterst\u00fctzung der mechanisierten Bodenstreitkr\u00e4fte diente und sich sehr gut bew\u00e4hrte. Mit dem Anbruch des Kalten Krieges und dem Wechsel der Strategien waren IBCM und \u00fcberschallschnelle Kampfflugzeuge en vogue. Doch die Erfahrungen im Vietnamkrieg lernten die USA, dass sie zur Luftnahunterst\u00fctzung ein l\u00e4ngs\u00e4mers und besser gepanzertes Flugzeug ben\u00f6tigen.<\/p>\n<figure id=\"attachment_579\" aria-describedby=\"caption-attachment-579\" style=\"width: 400px\" class=\"wp-caption alignnone\"><a href=\"http:\/\/fez.ch\/wp\/wp-content\/uploads\/2019\/04\/IMG_6856.jpg\"><img loading=\"lazy\" decoding=\"async\" data-attachment-id=\"579\" data-permalink=\"http:\/\/fez.ch\/wp\/?attachment_id=579\" data-orig-file=\"http:\/\/fez.ch\/wp\/wp-content\/uploads\/2019\/04\/IMG_6856.jpg\" data-orig-size=\"2816,1880\" data-comments-opened=\"0\" data-image-meta=\"{&quot;aperture&quot;:&quot;6.3&quot;,&quot;credit&quot;:&quot;&quot;,&quot;camera&quot;:&quot;Canon EOS 40D&quot;,&quot;caption&quot;:&quot;&quot;,&quot;created_timestamp&quot;:&quot;1344679834&quot;,&quot;copyright&quot;:&quot;&quot;,&quot;focal_length&quot;:&quot;500&quot;,&quot;iso&quot;:&quot;400&quot;,&quot;shutter_speed&quot;:&quot;0.001&quot;,&quot;title&quot;:&quot;&quot;,&quot;orientation&quot;:&quot;1&quot;}\" data-image-title=\"IMG_6856\" data-image-description=\"&lt;p&gt;Suchoi Su-25K Frogfoot Russian Air Force&lt;\/p&gt;\n\" data-image-caption=\"&lt;p&gt;Suchoi Su-25K Frogfoot Russian Air Force&lt;\/p&gt;\n\" data-medium-file=\"http:\/\/fez.ch\/wp\/wp-content\/uploads\/2019\/04\/IMG_6856-400x267.jpg\" data-large-file=\"http:\/\/fez.ch\/wp\/wp-content\/uploads\/2019\/04\/IMG_6856-1024x684.jpg\" class=\"size-medium wp-image-579\" src=\"http:\/\/fez.ch\/wp\/wp-content\/uploads\/2019\/04\/IMG_6856-400x267.jpg\" alt=\"Suchoi Su-25K Frogfoot Russian Air Force\" width=\"400\" height=\"267\" srcset=\"http:\/\/fez.ch\/wp\/wp-content\/uploads\/2019\/04\/IMG_6856-400x267.jpg 400w, http:\/\/fez.ch\/wp\/wp-content\/uploads\/2019\/04\/IMG_6856-150x100.jpg 150w, http:\/\/fez.ch\/wp\/wp-content\/uploads\/2019\/04\/IMG_6856-768x513.jpg 768w, http:\/\/fez.ch\/wp\/wp-content\/uploads\/2019\/04\/IMG_6856-1024x684.jpg 1024w\" sizes=\"auto, (max-width: 400px) 100vw, 400px\" \/><\/a><figcaption id=\"caption-attachment-579\" class=\"wp-caption-text\">Suchoi Su-25K Frogfoot Russian Air Force<\/figcaption><\/figure>\n<p>\u00c4hnliche Erkenntnisse fanden die VVS nach dem Koreakrieg und liessen die Iljuschin Il-40 entwickeln 1954. Kruschkov liess das Projekt wieder begraben. 1968 liess die VVS erneut einen Wettbewerb f\u00fcr ein Luftnahunterst\u00fctzungsflugzeug initieren.\u00a0<\/p>\n<figure id=\"attachment_577\" aria-describedby=\"caption-attachment-577\" style=\"width: 400px\" class=\"wp-caption alignnone\"><a href=\"http:\/\/fez.ch\/wp\/wp-content\/uploads\/2019\/04\/IMG_6937.jpg\"><img loading=\"lazy\" decoding=\"async\" data-attachment-id=\"577\" data-permalink=\"http:\/\/fez.ch\/wp\/?attachment_id=577\" data-orig-file=\"http:\/\/fez.ch\/wp\/wp-content\/uploads\/2019\/04\/IMG_6937.jpg\" data-orig-size=\"2816,1880\" data-comments-opened=\"0\" data-image-meta=\"{&quot;aperture&quot;:&quot;6.3&quot;,&quot;credit&quot;:&quot;&quot;,&quot;camera&quot;:&quot;Canon EOS 40D&quot;,&quot;caption&quot;:&quot;&quot;,&quot;created_timestamp&quot;:&quot;1344682720&quot;,&quot;copyright&quot;:&quot;&quot;,&quot;focal_length&quot;:&quot;500&quot;,&quot;iso&quot;:&quot;400&quot;,&quot;shutter_speed&quot;:&quot;0.001&quot;,&quot;title&quot;:&quot;&quot;,&quot;orientation&quot;:&quot;1&quot;}\" data-image-title=\"IMG_6937\" data-image-description=\"&lt;p&gt;Suchoi Su-25K Frogfoot 50 RF-93021 Russian Air Foce VVS&lt;\/p&gt;\n\" data-image-caption=\"&lt;p&gt;Suchoi Su-25K Frogfoot 50 RF-93021 russische Luftwaffe Russian Air Foce VVS&lt;\/p&gt;\n\" data-medium-file=\"http:\/\/fez.ch\/wp\/wp-content\/uploads\/2019\/04\/IMG_6937-400x267.jpg\" data-large-file=\"http:\/\/fez.ch\/wp\/wp-content\/uploads\/2019\/04\/IMG_6937-1024x684.jpg\" class=\"size-medium wp-image-577\" src=\"http:\/\/fez.ch\/wp\/wp-content\/uploads\/2019\/04\/IMG_6937-400x267.jpg\" alt=\"Suchoi Su-25K Frogfoot 50 RF-93021 russische Luftwaffe Russian Air Foce VVS\" width=\"400\" height=\"267\" srcset=\"http:\/\/fez.ch\/wp\/wp-content\/uploads\/2019\/04\/IMG_6937-400x267.jpg 400w, http:\/\/fez.ch\/wp\/wp-content\/uploads\/2019\/04\/IMG_6937-150x100.jpg 150w, http:\/\/fez.ch\/wp\/wp-content\/uploads\/2019\/04\/IMG_6937-768x513.jpg 768w, http:\/\/fez.ch\/wp\/wp-content\/uploads\/2019\/04\/IMG_6937-1024x684.jpg 1024w\" sizes=\"auto, (max-width: 400px) 100vw, 400px\" \/><\/a><figcaption id=\"caption-attachment-577\" class=\"wp-caption-text\">Suchoi Su-25K Frogfoot 50 RF-93021 russische Luftwaffe Russian Air Foce VVS<\/figcaption><\/figure>\n<p>Der neue Sturmovik sollte nahe der Schallgeschwindigkeit fliegen, stark gepanzert und \u00fcberlebensf\u00e4hig sein auch nach Treffern von 23mm Geschossen in den wichtigen Komponenten.<\/p>\n<figure id=\"attachment_582\" aria-describedby=\"caption-attachment-582\" style=\"width: 400px\" class=\"wp-caption alignnone\"><a href=\"http:\/\/fez.ch\/wp\/wp-content\/uploads\/2019\/04\/IMG_6604.jpg\"><img loading=\"lazy\" decoding=\"async\" data-attachment-id=\"582\" data-permalink=\"http:\/\/fez.ch\/wp\/?attachment_id=582\" data-orig-file=\"http:\/\/fez.ch\/wp\/wp-content\/uploads\/2019\/04\/IMG_6604.jpg\" data-orig-size=\"2816,1880\" data-comments-opened=\"0\" data-image-meta=\"{&quot;aperture&quot;:&quot;6.3&quot;,&quot;credit&quot;:&quot;&quot;,&quot;camera&quot;:&quot;Canon EOS 40D&quot;,&quot;caption&quot;:&quot;&quot;,&quot;created_timestamp&quot;:&quot;1344620117&quot;,&quot;copyright&quot;:&quot;&quot;,&quot;focal_length&quot;:&quot;413&quot;,&quot;iso&quot;:&quot;400&quot;,&quot;shutter_speed&quot;:&quot;0.0008&quot;,&quot;title&quot;:&quot;&quot;,&quot;orientation&quot;:&quot;1&quot;}\" data-image-title=\"Suchoi Su-25 Froogfoot\" data-image-description=\"&lt;p&gt;Sukhoi Su-25K and UB Frogfoot of the Russian VVS&lt;\/p&gt;\n\" data-image-caption=\"&lt;p&gt;Suchoi Su-25K and UB Frogfoot of the Russian VVS&lt;\/p&gt;\n\" data-medium-file=\"http:\/\/fez.ch\/wp\/wp-content\/uploads\/2019\/04\/IMG_6604-400x267.jpg\" data-large-file=\"http:\/\/fez.ch\/wp\/wp-content\/uploads\/2019\/04\/IMG_6604-1024x684.jpg\" class=\"size-medium wp-image-582\" src=\"http:\/\/fez.ch\/wp\/wp-content\/uploads\/2019\/04\/IMG_6604-400x267.jpg\" alt=\"Sukhoi Su-25K and UB Frogfoot of the Russian VVS\" width=\"400\" height=\"267\" srcset=\"http:\/\/fez.ch\/wp\/wp-content\/uploads\/2019\/04\/IMG_6604-400x267.jpg 400w, http:\/\/fez.ch\/wp\/wp-content\/uploads\/2019\/04\/IMG_6604-150x100.jpg 150w, http:\/\/fez.ch\/wp\/wp-content\/uploads\/2019\/04\/IMG_6604-768x513.jpg 768w, http:\/\/fez.ch\/wp\/wp-content\/uploads\/2019\/04\/IMG_6604-1024x684.jpg 1024w\" sizes=\"auto, (max-width: 400px) 100vw, 400px\" \/><\/a><figcaption id=\"caption-attachment-582\" class=\"wp-caption-text\">Sukhoi Su-25K and UB Frogfoot of the Russian VVS<\/figcaption><\/figure>\n<p>Gegen Iljuschin bewarb sich das OKB Suchoi mit dem Projekt T8 und gewann 1972 den Wettbewerb. Bereits 1974 konnte der erste Prototyp T8-0 f\u00fcr Versuche ab Zhukhovskii starten. Nach diversen strukturellen Anpassungen startete 1970 die Vorserienproduktion in Tbilisi im Werk 31 im heutigen Georgien. Zwei dieser Vorserienmaschinen wurden nach dem Einmarsch der Sowjetunion in Afghanistan f\u00fcr Versuche unter Kriegsbedingungen getestet und begeisterte die VVS. 1981 begann die Serienproduktion.<\/p>\n<figure id=\"attachment_578\" aria-describedby=\"caption-attachment-578\" style=\"width: 400px\" class=\"wp-caption alignnone\"><a href=\"http:\/\/fez.ch\/wp\/wp-content\/uploads\/2019\/04\/IMG_6932.jpg\"><img loading=\"lazy\" decoding=\"async\" data-attachment-id=\"578\" data-permalink=\"http:\/\/fez.ch\/wp\/?attachment_id=578\" data-orig-file=\"http:\/\/fez.ch\/wp\/wp-content\/uploads\/2019\/04\/IMG_6932.jpg\" data-orig-size=\"2816,1880\" data-comments-opened=\"0\" data-image-meta=\"{&quot;aperture&quot;:&quot;6.3&quot;,&quot;credit&quot;:&quot;&quot;,&quot;camera&quot;:&quot;Canon EOS 40D&quot;,&quot;caption&quot;:&quot;&quot;,&quot;created_timestamp&quot;:&quot;1344682712&quot;,&quot;copyright&quot;:&quot;&quot;,&quot;focal_length&quot;:&quot;500&quot;,&quot;iso&quot;:&quot;400&quot;,&quot;shutter_speed&quot;:&quot;0.001&quot;,&quot;title&quot;:&quot;&quot;,&quot;orientation&quot;:&quot;1&quot;}\" data-image-title=\"Suchoi Su-25K Frogfoot\" data-image-description=\"&lt;p&gt;Suchoi Su-25K Frogfoot 50 RF-93021 russische Luftwaffe VVS&lt;\/p&gt;\n\" data-image-caption=\"&lt;p&gt;Suchoi Su-25K Frogfoot 50 RF-93021 russische Luftwaffe VVS&lt;\/p&gt;\n\" data-medium-file=\"http:\/\/fez.ch\/wp\/wp-content\/uploads\/2019\/04\/IMG_6932-400x267.jpg\" data-large-file=\"http:\/\/fez.ch\/wp\/wp-content\/uploads\/2019\/04\/IMG_6932-1024x684.jpg\" class=\"size-medium wp-image-578\" src=\"http:\/\/fez.ch\/wp\/wp-content\/uploads\/2019\/04\/IMG_6932-400x267.jpg\" alt=\"Suchoi Su-25K Frogfoot 50 RF-93021 russische Luftwaffe VVS\" width=\"400\" height=\"267\" srcset=\"http:\/\/fez.ch\/wp\/wp-content\/uploads\/2019\/04\/IMG_6932-400x267.jpg 400w, http:\/\/fez.ch\/wp\/wp-content\/uploads\/2019\/04\/IMG_6932-150x100.jpg 150w, http:\/\/fez.ch\/wp\/wp-content\/uploads\/2019\/04\/IMG_6932-768x513.jpg 768w, http:\/\/fez.ch\/wp\/wp-content\/uploads\/2019\/04\/IMG_6932-1024x684.jpg 1024w\" sizes=\"auto, (max-width: 400px) 100vw, 400px\" \/><\/a><figcaption id=\"caption-attachment-578\" class=\"wp-caption-text\">Suchoi Su-25K Frogfoot 50 RF-93021 russische Luftwaffe VVS<\/figcaption><\/figure>\n","protected":false},"excerpt":{"rendered":"<p>Bereits im 2. Weltkrieg hatte die Sowjetische Luftwaffe (VVS) mit der Il-2 Shturmovik ein Schlachtflugzeug im Dienst, welches der direkten Unterst\u00fctzung der mechanisierten Bodenstreitkr\u00e4fte diente und sich sehr gut bew\u00e4hrte. Mit dem Anbruch des Kalten Krieges und dem Wechsel der Strategien waren IBCM und \u00fcberschallschnelle Kampfflugzeuge en vogue. Doch die Erfahrungen im Vietnamkrieg lernten die&hellip; <a class=\"more-link\" href=\"http:\/\/fez.ch\/wp\/?page_id=662\">Continue reading <span class=\"screen-reader-text\">Die Saatkr\u00e4he &#8211; Die Suchoi Su-25 Frogfoot<\/span><\/a><\/p>\n","protected":false},"author":2,"featured_media":0,"parent":0,"menu_order":0,"comment_status":"closed","ping_status":"closed","template":"","meta":{"footnotes":""},"class_list":["post-662","page","type-page","status-publish","hentry","entry"],"jetpack_shortlink":"https:\/\/wp.me\/P4awtP-aG","_links":{"self":[{"href":"http:\/\/fez.ch\/wp\/index.php?rest_route=\/wp\/v2\/pages\/662","targetHints":{"allow":["GET"]}}],"collection":[{"href":"http:\/\/fez.ch\/wp\/index.php?rest_route=\/wp\/v2\/pages"}],"about":[{"href":"http:\/\/fez.ch\/wp\/index.php?rest_route=\/wp\/v2\/types\/page"}],"author":[{"embeddable":true,"href":"http:\/\/fez.ch\/wp\/index.php?rest_route=\/wp\/v2\/users\/2"}],"replies":[{"embeddable":true,"href":"http:\/\/fez.ch\/wp\/index.php?rest_route=%2Fwp%2Fv2%2Fcomments&post=662"}],"version-history":[{"count":1,"href":"http:\/\/fez.ch\/wp\/index.php?rest_route=\/wp\/v2\/pages\/662\/revisions"}],"predecessor-version":[{"id":663,"href":"http:\/\/fez.ch\/wp\/index.php?rest_route=\/wp\/v2\/pages\/662\/revisions\/663"}],"wp:attachment":[{"href":"http:\/\/fez.ch\/wp\/index.php?rest_route=%2Fwp%2Fv2%2Fmedia&parent=662"}],"curies":[{"name":"wp","href":"https:\/\/api.w.org\/{rel}","templated":true}]}}