{"id":649,"date":"2019-10-10T10:59:34","date_gmt":"2019-10-10T09:59:34","guid":{"rendered":"http:\/\/fez.ch\/wp\/?page_id=649"},"modified":"2022-11-19T22:11:55","modified_gmt":"2022-11-19T21:11:55","slug":"fliegerschiessen-axalp-2019","status":"publish","type":"page","link":"http:\/\/fez.ch\/wp\/?page_id=649","title":{"rendered":"Fliegerschiessen Axalp 2019"},"content":{"rendered":"\n<p>Jedes Jahr \u00fcbt die Schweizer Luftwaffen auf dem Fliegerschiessplatz Axalp oberhalb des Milit\u00e4rflugplatzes Meiringen das Schiessen mit der Bordkanone.<\/p>\n\n\n\n<figure class=\"wp-block-image\"><img loading=\"lazy\" decoding=\"async\" width=\"1024\" height=\"683\" data-attachment-id=\"650\" data-permalink=\"http:\/\/fez.ch\/wp\/?attachment_id=650\" data-orig-file=\"http:\/\/fez.ch\/wp\/wp-content\/uploads\/2019\/10\/cougar_axalp_flare.jpg\" data-orig-size=\"5184,3456\" data-comments-opened=\"0\" data-image-meta=\"{&quot;aperture&quot;:&quot;16&quot;,&quot;credit&quot;:&quot;Roland Buechler roli@fez.ch&quot;,&quot;camera&quot;:&quot;Canon EOS 7D&quot;,&quot;caption&quot;:&quot;&quot;,&quot;created_timestamp&quot;:&quot;1570544525&quot;,&quot;copyright&quot;:&quot;roli@fez.ch&quot;,&quot;focal_length&quot;:&quot;280&quot;,&quot;iso&quot;:&quot;100&quot;,&quot;shutter_speed&quot;:&quot;0.00625&quot;,&quot;title&quot;:&quot;&quot;,&quot;orientation&quot;:&quot;1&quot;}\" data-image-title=\"cougar_axalp_flare\" data-image-description=\"\" data-image-caption=\"\" data-medium-file=\"http:\/\/fez.ch\/wp\/wp-content\/uploads\/2019\/10\/cougar_axalp_flare-400x267.jpg\" data-large-file=\"http:\/\/fez.ch\/wp\/wp-content\/uploads\/2019\/10\/cougar_axalp_flare-1024x683.jpg\" src=\"http:\/\/fez.ch\/wp\/wp-content\/uploads\/2019\/10\/cougar_axalp_flare-1024x683.jpg\" alt=\"\" class=\"wp-image-650\" srcset=\"http:\/\/fez.ch\/wp\/wp-content\/uploads\/2019\/10\/cougar_axalp_flare-1024x683.jpg 1024w, http:\/\/fez.ch\/wp\/wp-content\/uploads\/2019\/10\/cougar_axalp_flare-150x100.jpg 150w, http:\/\/fez.ch\/wp\/wp-content\/uploads\/2019\/10\/cougar_axalp_flare-400x267.jpg 400w, http:\/\/fez.ch\/wp\/wp-content\/uploads\/2019\/10\/cougar_axalp_flare-768x512.jpg 768w\" sizes=\"auto, (max-width: 1024px) 100vw, 1024px\" \/><figcaption class=\"wp-element-caption\">Eurocopter EC-532 Cougar der Schweizer Luftwaffe<\/figcaption><\/figure>\n\n\n\n<figure class=\"wp-block-image\"><img loading=\"lazy\" decoding=\"async\" width=\"1024\" height=\"683\" data-attachment-id=\"651\" data-permalink=\"http:\/\/fez.ch\/wp\/?attachment_id=651\" data-orig-file=\"http:\/\/fez.ch\/wp\/wp-content\/uploads\/2019\/10\/Eurocopter_ec-135_t-370_SAR.jpg\" data-orig-size=\"5184,3456\" data-comments-opened=\"0\" data-image-meta=\"{&quot;aperture&quot;:&quot;11&quot;,&quot;credit&quot;:&quot;Roland Buechler roli@fez.ch&quot;,&quot;camera&quot;:&quot;Canon EOS 7D&quot;,&quot;caption&quot;:&quot;&quot;,&quot;created_timestamp&quot;:&quot;1570540062&quot;,&quot;copyright&quot;:&quot;roli@fez.ch&quot;,&quot;focal_length&quot;:&quot;98&quot;,&quot;iso&quot;:&quot;100&quot;,&quot;shutter_speed&quot;:&quot;0.00625&quot;,&quot;title&quot;:&quot;&quot;,&quot;orientation&quot;:&quot;1&quot;}\" data-image-title=\"Eurocopter_ec-135_t-370_SAR\" data-image-description=\"&lt;p&gt;Eurocopter EC-135T T-370 Swiss Air Force over the Axalp, Switzerland&lt;\/p&gt;\n\" data-image-caption=\"&lt;p&gt;Eurocopter EC-135T T-370 Swiss Air Force over the Axalp, Switzerland&lt;\/p&gt;\n\" data-medium-file=\"http:\/\/fez.ch\/wp\/wp-content\/uploads\/2019\/10\/Eurocopter_ec-135_t-370_SAR-400x267.jpg\" data-large-file=\"http:\/\/fez.ch\/wp\/wp-content\/uploads\/2019\/10\/Eurocopter_ec-135_t-370_SAR-1024x683.jpg\" src=\"http:\/\/fez.ch\/wp\/wp-content\/uploads\/2019\/10\/Eurocopter_ec-135_t-370_SAR-1024x683.jpg\" alt=\"Eurocopter EC-135T T-370 der Swiss Air Force \u00fcber der Axalp in der Schweiz\" class=\"wp-image-651\" srcset=\"http:\/\/fez.ch\/wp\/wp-content\/uploads\/2019\/10\/Eurocopter_ec-135_t-370_SAR-1024x683.jpg 1024w, http:\/\/fez.ch\/wp\/wp-content\/uploads\/2019\/10\/Eurocopter_ec-135_t-370_SAR-150x100.jpg 150w, http:\/\/fez.ch\/wp\/wp-content\/uploads\/2019\/10\/Eurocopter_ec-135_t-370_SAR-400x267.jpg 400w, http:\/\/fez.ch\/wp\/wp-content\/uploads\/2019\/10\/Eurocopter_ec-135_t-370_SAR-768x512.jpg 768w\" sizes=\"auto, (max-width: 1024px) 100vw, 1024px\" \/><\/figure>\n\n\n\n<p>Eurocopter EC-135T T-370 der Swiss Air Force \u00fcber der Axalp in der Schweiz<\/p>\n\n\n\n<figure class=\"wp-block-image\"><img loading=\"lazy\" decoding=\"async\" width=\"1024\" height=\"683\" data-attachment-id=\"652\" data-permalink=\"http:\/\/fez.ch\/wp\/?attachment_id=652\" data-orig-file=\"http:\/\/fez.ch\/wp\/wp-content\/uploads\/2019\/10\/FA-18C_J-5018_demo_axalp.jpg\" data-orig-size=\"5184,3456\" data-comments-opened=\"0\" data-image-meta=\"{&quot;aperture&quot;:&quot;5.6&quot;,&quot;credit&quot;:&quot;Roland Buechler roli@fez.ch&quot;,&quot;camera&quot;:&quot;Canon EOS 7D&quot;,&quot;caption&quot;:&quot;&quot;,&quot;created_timestamp&quot;:&quot;1570546665&quot;,&quot;copyright&quot;:&quot;roli@fez.ch&quot;,&quot;focal_length&quot;:&quot;260&quot;,&quot;iso&quot;:&quot;100&quot;,&quot;shutter_speed&quot;:&quot;0.002&quot;,&quot;title&quot;:&quot;&quot;,&quot;orientation&quot;:&quot;1&quot;}\" data-image-title=\"FA-18C_J-5018_demo_axalp\" data-image-description=\"\" data-image-caption=\"\" data-medium-file=\"http:\/\/fez.ch\/wp\/wp-content\/uploads\/2019\/10\/FA-18C_J-5018_demo_axalp-400x267.jpg\" data-large-file=\"http:\/\/fez.ch\/wp\/wp-content\/uploads\/2019\/10\/FA-18C_J-5018_demo_axalp-1024x683.jpg\" src=\"http:\/\/fez.ch\/wp\/wp-content\/uploads\/2019\/10\/FA-18C_J-5018_demo_axalp-1024x683.jpg\" alt=\"\" class=\"wp-image-652\" srcset=\"http:\/\/fez.ch\/wp\/wp-content\/uploads\/2019\/10\/FA-18C_J-5018_demo_axalp-1024x683.jpg 1024w, http:\/\/fez.ch\/wp\/wp-content\/uploads\/2019\/10\/FA-18C_J-5018_demo_axalp-150x100.jpg 150w, http:\/\/fez.ch\/wp\/wp-content\/uploads\/2019\/10\/FA-18C_J-5018_demo_axalp-400x267.jpg 400w, http:\/\/fez.ch\/wp\/wp-content\/uploads\/2019\/10\/FA-18C_J-5018_demo_axalp-768x512.jpg 768w\" sizes=\"auto, (max-width: 1024px) 100vw, 1024px\" \/><\/figure>\n\n\n\n<p>Boeing F\/A-18C Hornet der Schweizer Luftwaffe<\/p>\n\n\n\n<figure class=\"wp-block-image\"><img loading=\"lazy\" decoding=\"async\" width=\"1024\" height=\"683\" data-attachment-id=\"653\" data-permalink=\"http:\/\/fez.ch\/wp\/?attachment_id=653\" data-orig-file=\"http:\/\/fez.ch\/wp\/wp-content\/uploads\/2019\/10\/Hornet_Pc-7NC_Pc-7.jpg\" data-orig-size=\"5184,3456\" data-comments-opened=\"0\" data-image-meta=\"{&quot;aperture&quot;:&quot;5.6&quot;,&quot;credit&quot;:&quot;Roland Buechler roli@fez.ch&quot;,&quot;camera&quot;:&quot;Canon EOS 7D&quot;,&quot;caption&quot;:&quot;&quot;,&quot;created_timestamp&quot;:&quot;1570546442&quot;,&quot;copyright&quot;:&quot;roli@fez.ch&quot;,&quot;focal_length&quot;:&quot;230&quot;,&quot;iso&quot;:&quot;100&quot;,&quot;shutter_speed&quot;:&quot;0.002&quot;,&quot;title&quot;:&quot;&quot;,&quot;orientation&quot;:&quot;1&quot;}\" data-image-title=\"Hornet_Pc-7NC_Pc-7\" data-image-description=\"\" data-image-caption=\"\" data-medium-file=\"http:\/\/fez.ch\/wp\/wp-content\/uploads\/2019\/10\/Hornet_Pc-7NC_Pc-7-400x267.jpg\" data-large-file=\"http:\/\/fez.ch\/wp\/wp-content\/uploads\/2019\/10\/Hornet_Pc-7NC_Pc-7-1024x683.jpg\" src=\"http:\/\/fez.ch\/wp\/wp-content\/uploads\/2019\/10\/Hornet_Pc-7NC_Pc-7-1024x683.jpg\" alt=\"\" class=\"wp-image-653\" srcset=\"http:\/\/fez.ch\/wp\/wp-content\/uploads\/2019\/10\/Hornet_Pc-7NC_Pc-7-1024x683.jpg 1024w, http:\/\/fez.ch\/wp\/wp-content\/uploads\/2019\/10\/Hornet_Pc-7NC_Pc-7-150x100.jpg 150w, http:\/\/fez.ch\/wp\/wp-content\/uploads\/2019\/10\/Hornet_Pc-7NC_Pc-7-400x267.jpg 400w, http:\/\/fez.ch\/wp\/wp-content\/uploads\/2019\/10\/Hornet_Pc-7NC_Pc-7-768x512.jpg 768w\" sizes=\"auto, (max-width: 1024px) 100vw, 1024px\" \/><\/figure>\n\n\n\n<p>F\/A-18C Hornet mit Pilatus PC-7 und PC-21 der Schweizer Luftwaffe<\/p>\n","protected":false},"excerpt":{"rendered":"<p>Jedes Jahr \u00fcbt die Schweizer Luftwaffen auf dem Fliegerschiessplatz Axalp oberhalb des Milit\u00e4rflugplatzes Meiringen das Schiessen mit der Bordkanone. Eurocopter EC-135T T-370 der Swiss Air Force \u00fcber der Axalp in der Schweiz Boeing F\/A-18C Hornet der Schweizer Luftwaffe F\/A-18C Hornet mit Pilatus PC-7 und PC-21 der Schweizer Luftwaffe<\/p>\n","protected":false},"author":2,"featured_media":0,"parent":0,"menu_order":0,"comment_status":"closed","ping_status":"closed","template":"","meta":{"footnotes":""},"class_list":["post-649","page","type-page","status-publish","hentry","entry"],"jetpack_shortlink":"https:\/\/wp.me\/P4awtP-at","_links":{"self":[{"href":"http:\/\/fez.ch\/wp\/index.php?rest_route=\/wp\/v2\/pages\/649","targetHints":{"allow":["GET"]}}],"collection":[{"href":"http:\/\/fez.ch\/wp\/index.php?rest_route=\/wp\/v2\/pages"}],"about":[{"href":"http:\/\/fez.ch\/wp\/index.php?rest_route=\/wp\/v2\/types\/page"}],"author":[{"embeddable":true,"href":"http:\/\/fez.ch\/wp\/index.php?rest_route=\/wp\/v2\/users\/2"}],"replies":[{"embeddable":true,"href":"http:\/\/fez.ch\/wp\/index.php?rest_route=%2Fwp%2Fv2%2Fcomments&post=649"}],"version-history":[{"count":4,"href":"http:\/\/fez.ch\/wp\/index.php?rest_route=\/wp\/v2\/pages\/649\/revisions"}],"predecessor-version":[{"id":690,"href":"http:\/\/fez.ch\/wp\/index.php?rest_route=\/wp\/v2\/pages\/649\/revisions\/690"}],"wp:attachment":[{"href":"http:\/\/fez.ch\/wp\/index.php?rest_route=%2Fwp%2Fv2%2Fmedia&parent=649"}],"curies":[{"name":"wp","href":"https:\/\/api.w.org\/{rel}","templated":true}]}}