{"id":532,"date":"2019-04-12T12:33:39","date_gmt":"2019-04-12T11:33:39","guid":{"rendered":"http:\/\/fez.ch\/wp\/?page_id=532"},"modified":"2022-11-19T22:21:11","modified_gmt":"2022-11-19T21:21:11","slug":"air2030-evolution-der-schweizer-luftwaffe-fur-ein-neues-kampfflugzeug","status":"publish","type":"page","link":"http:\/\/fez.ch\/wp\/?page_id=532","title":{"rendered":"Air2030 &#8211; Evolution der Schweizer Luftwaffe f\u00fcr ein neues Kampfflugzeug"},"content":{"rendered":"\n<p>Die Schweizer Luftwaffe hatte nach Ende des Kalten Krieges in den 90er-Jahren des letzten Jahrhunderts die bestehende Luftwaffe faktisch auf eine Tages-Luftpolizei und Leichttransporteinheit reduziert. Bei einem Konflikt w\u00e4re die Durchhaltef\u00e4higkeit und eine rund- um-die-Uhr Sicherung des Luftraumes nicht mehr gew\u00e4hrt. Um dies zu verstehen muss auch das europ\u00e4ische Umfeld beobachtet werden. Auch dort haben andere Luftwaffen von der allumfassenden Landesverteidigung ihre Streitkr\u00e4fte in Expeditionscorps f\u00fcr UN-Eins\u00e4tze gegen asymmetrische Bedrohungen, sprich vereinzelte Freisch\u00e4rler in urbanen Zonen, umgewandelt. So kann die deutsche Luftwaffe aus Mangel an Ersatzteilen infolge Sparmassnahmen den gr\u00f6ssten Teil ihrer Kampf- und Transpflugzeuge nicht sofort einsetzen. <\/p>\n\n\n\n<p>Bei der Air2030 hat die Luftwaffe zusammen mit der Armasuisse f\u00fcnf Kandidaten f\u00fcr einen Nachfolger von F-5E\/F Tiger II und F\/A-18C\/D Cornet ausgew\u00e4hlt. Dies sind alles Natokompatible moderne und noch ausbauf\u00e4hige Kampfflugzeuge. Eine Nachr\u00fcstung eines Tigers w\u00e4re vergleichbar wie wenn man dem Oldtimer VW K\u00e4fer aus den 60er-Jahren (damals flogen die ersten F-5A TigerII) mit einem GPS-Navigationssystem, Airbag und Abstandssensor nachr\u00fcsten w\u00fcrde. Die Technologie welche 60 Jahre zur\u00fcckliegt ist hoffnungslos \u00fcberaltert und die Ersatzteilbeschaffung fragw\u00fcrdig. Die Kandidaten f\u00fcr die Air 2030 sind folgende:<\/p>\n\n\n\n<p>-1. (Airbus) Eurofighter Jagdflugzeug GmbH Eurofighter Thyphoon Tranche 3 mit deutschem Standart <\/p>\n\n\n\n<figure class=\"wp-block-image\"><img loading=\"lazy\" decoding=\"async\" width=\"1024\" height=\"682\" data-attachment-id=\"293\" data-permalink=\"http:\/\/fez.ch\/wp\/?attachment_id=293\" data-orig-file=\"http:\/\/fez.ch\/wp\/wp-content\/uploads\/2014\/09\/Eurofighter_7L-WM_AUT.jpg\" data-orig-size=\"3456,2304\" data-comments-opened=\"0\" data-image-meta=\"{&quot;aperture&quot;:&quot;11&quot;,&quot;credit&quot;:&quot;Roland Buechler roli@fez.ch&quot;,&quot;camera&quot;:&quot;Canon EOS 7D&quot;,&quot;caption&quot;:&quot;&quot;,&quot;created_timestamp&quot;:&quot;1409392273&quot;,&quot;copyright&quot;:&quot;roli@fez.ch&quot;,&quot;focal_length&quot;:&quot;20&quot;,&quot;iso&quot;:&quot;320&quot;,&quot;shutter_speed&quot;:&quot;0.0015625&quot;,&quot;title&quot;:&quot;&quot;,&quot;orientation&quot;:&quot;1&quot;}\" data-image-title=\"Eurofighter_7L-WM_AUT\" data-image-description=\"\" data-image-caption=\"\" data-medium-file=\"http:\/\/fez.ch\/wp\/wp-content\/uploads\/2014\/09\/Eurofighter_7L-WM_AUT-400x266.jpg\" data-large-file=\"http:\/\/fez.ch\/wp\/wp-content\/uploads\/2014\/09\/Eurofighter_7L-WM_AUT-1024x682.jpg\" src=\"http:\/\/fez.ch\/wp\/wp-content\/uploads\/2014\/09\/Eurofighter_7L-WM_AUT-1024x682.jpg\" alt=\"\" class=\"wp-image-293\" srcset=\"http:\/\/fez.ch\/wp\/wp-content\/uploads\/2014\/09\/Eurofighter_7L-WM_AUT-1024x682.jpg 1024w, http:\/\/fez.ch\/wp\/wp-content\/uploads\/2014\/09\/Eurofighter_7L-WM_AUT-150x100.jpg 150w, http:\/\/fez.ch\/wp\/wp-content\/uploads\/2014\/09\/Eurofighter_7L-WM_AUT-400x266.jpg 400w\" sizes=\"auto, (max-width: 1024px) 100vw, 1024px\" \/><figcaption class=\"wp-element-caption\">ein Eurofighter Tranche 1 der \u00f6sterreichischen Luftstreitkr\u00e4fte<\/figcaption><\/figure>\n\n\n\n<p>-2. Boeing Copany F\/A-18E\/F Super Hornet Block III U.S. Navy Standart<\/p>\n\n\n\n<figure class=\"wp-block-image\"><img loading=\"lazy\" decoding=\"async\" width=\"1024\" height=\"683\" data-attachment-id=\"605\" data-permalink=\"http:\/\/fez.ch\/wp\/?attachment_id=605\" data-orig-file=\"http:\/\/fez.ch\/wp\/wp-content\/uploads\/2019\/04\/IMG_2627-USN-FA-18D-VFA-106.jpg\" data-orig-size=\"5184,3456\" data-comments-opened=\"0\" data-image-meta=\"{&quot;aperture&quot;:&quot;11&quot;,&quot;credit&quot;:&quot;&quot;,&quot;camera&quot;:&quot;Canon EOS 7D&quot;,&quot;caption&quot;:&quot;&quot;,&quot;created_timestamp&quot;:&quot;1336235341&quot;,&quot;copyright&quot;:&quot;&quot;,&quot;focal_length&quot;:&quot;24&quot;,&quot;iso&quot;:&quot;100&quot;,&quot;shutter_speed&quot;:&quot;0.004&quot;,&quot;title&quot;:&quot;&quot;,&quot;orientation&quot;:&quot;1&quot;}\" data-image-title=\"Paul H\u00f6hn Super Hornet\" data-image-description=\"\" data-image-caption=\"&lt;p&gt;Boeing F\/A-18F Superhornet 223 des United Staates Marine Corps USMC Cherry Point&lt;\/p&gt;\n\" data-medium-file=\"http:\/\/fez.ch\/wp\/wp-content\/uploads\/2019\/04\/IMG_2627-USN-FA-18D-VFA-106-400x267.jpg\" data-large-file=\"http:\/\/fez.ch\/wp\/wp-content\/uploads\/2019\/04\/IMG_2627-USN-FA-18D-VFA-106-1024x683.jpg\" src=\"http:\/\/fez.ch\/wp\/wp-content\/uploads\/2019\/04\/IMG_2627-USN-FA-18D-VFA-106-1024x683.jpg\" alt=\"\" class=\"wp-image-605\" srcset=\"http:\/\/fez.ch\/wp\/wp-content\/uploads\/2019\/04\/IMG_2627-USN-FA-18D-VFA-106-1024x683.jpg 1024w, http:\/\/fez.ch\/wp\/wp-content\/uploads\/2019\/04\/IMG_2627-USN-FA-18D-VFA-106-150x100.jpg 150w, http:\/\/fez.ch\/wp\/wp-content\/uploads\/2019\/04\/IMG_2627-USN-FA-18D-VFA-106-400x267.jpg 400w, http:\/\/fez.ch\/wp\/wp-content\/uploads\/2019\/04\/IMG_2627-USN-FA-18D-VFA-106-768x512.jpg 768w\" sizes=\"auto, (max-width: 1024px) 100vw, 1024px\" \/><figcaption class=\"wp-element-caption\">Boeing F\/A-18F Super Hornet<\/figcaption><\/figure>\n\n\n\n<p>-3. Dassault Aviation Rafael C Standart F.4<\/p>\n\n\n\n<figure class=\"wp-block-image\"><img loading=\"lazy\" decoding=\"async\" width=\"1024\" height=\"683\" data-attachment-id=\"624\" data-permalink=\"http:\/\/fez.ch\/wp\/?attachment_id=624\" data-orig-file=\"http:\/\/fez.ch\/wp\/wp-content\/uploads\/2019\/05\/IMG_6764.jpg\" data-orig-size=\"5184,3456\" data-comments-opened=\"0\" data-image-meta=\"{&quot;aperture&quot;:&quot;10&quot;,&quot;credit&quot;:&quot;Roland Buechler roli@fez.ch&quot;,&quot;camera&quot;:&quot;Canon EOS 7D&quot;,&quot;caption&quot;:&quot;&quot;,&quot;created_timestamp&quot;:&quot;1558449754&quot;,&quot;copyright&quot;:&quot;roli@fez.ch&quot;,&quot;focal_length&quot;:&quot;50&quot;,&quot;iso&quot;:&quot;100&quot;,&quot;shutter_speed&quot;:&quot;0.003125&quot;,&quot;title&quot;:&quot;&quot;,&quot;orientation&quot;:&quot;1&quot;}\" data-image-title=\"Dassault Rafale Arm\u00e9e de l&amp;#8217;air Franz\u00f6sische Luftwaffe\" data-image-description=\"\" data-image-caption=\"&lt;p&gt;Dassault Rafale Arm\u00e9e de l&amp;#8217;air Franz\u00f6sische Luftwaffe&lt;\/p&gt;\n\" data-medium-file=\"http:\/\/fez.ch\/wp\/wp-content\/uploads\/2019\/05\/IMG_6764-400x267.jpg\" data-large-file=\"http:\/\/fez.ch\/wp\/wp-content\/uploads\/2019\/05\/IMG_6764-1024x683.jpg\" src=\"http:\/\/fez.ch\/wp\/wp-content\/uploads\/2019\/05\/IMG_6764-1024x683.jpg\" alt=\"\" class=\"wp-image-624\" srcset=\"http:\/\/fez.ch\/wp\/wp-content\/uploads\/2019\/05\/IMG_6764-1024x683.jpg 1024w, http:\/\/fez.ch\/wp\/wp-content\/uploads\/2019\/05\/IMG_6764-150x100.jpg 150w, http:\/\/fez.ch\/wp\/wp-content\/uploads\/2019\/05\/IMG_6764-400x267.jpg 400w, http:\/\/fez.ch\/wp\/wp-content\/uploads\/2019\/05\/IMG_6764-768x512.jpg 768w\" sizes=\"auto, (max-width: 1024px) 100vw, 1024px\" \/><\/figure>\n\n\n\n<p>-4. Lockheed Martin F-35A Lightning II vermutlich aus italienischer Lizenzproduktion<\/p>\n\n\n\n<figure class=\"wp-block-image\"><img loading=\"lazy\" decoding=\"async\" width=\"1024\" height=\"683\" data-attachment-id=\"646\" data-permalink=\"http:\/\/fez.ch\/wp\/?attachment_id=646\" data-orig-file=\"http:\/\/fez.ch\/wp\/wp-content\/uploads\/2019\/06\/Lockheed-Martin_F-35A_AF135081_LSMP.jpg\" data-orig-size=\"5184,3456\" data-comments-opened=\"0\" data-image-meta=\"{&quot;aperture&quot;:&quot;9&quot;,&quot;credit&quot;:&quot;Roland Buechler roli@fez.ch&quot;,&quot;camera&quot;:&quot;Canon EOS 7D&quot;,&quot;caption&quot;:&quot;&quot;,&quot;created_timestamp&quot;:&quot;1559901878&quot;,&quot;copyright&quot;:&quot;roli@fez.ch&quot;,&quot;focal_length&quot;:&quot;50&quot;,&quot;iso&quot;:&quot;100&quot;,&quot;shutter_speed&quot;:&quot;0.004&quot;,&quot;title&quot;:&quot;&quot;,&quot;orientation&quot;:&quot;1&quot;}\" data-image-title=\"Lockheed-Martin_F-35A_AF135081_LSMP\" data-image-description=\"&lt;p&gt;Lockheed-Martin F-35A Lightning II, AF135081 HL United Staates Air Force, at Milit\u00e4rflugplatz Payerne LSMP Switzerland&lt;\/p&gt;\n\" data-image-caption=\"&lt;p&gt;Lockheed-Martin F-35A Lightning II, AF135081 Air Combat Command&lt;br \/&gt;\n388th Fighter Wing&amp;#8217;s 34th Fighter Squadron &amp;#8220;Rude Rams&amp;#8221; HL Hill Air Force Base, Utah, SSGT Gallen Topper, United Staates Air Force, at Milit\u00e4rflugplatz Payerne LSMP Switzerland&lt;\/p&gt;\n\" data-medium-file=\"http:\/\/fez.ch\/wp\/wp-content\/uploads\/2019\/06\/Lockheed-Martin_F-35A_AF135081_LSMP-400x267.jpg\" data-large-file=\"http:\/\/fez.ch\/wp\/wp-content\/uploads\/2019\/06\/Lockheed-Martin_F-35A_AF135081_LSMP-1024x683.jpg\" src=\"http:\/\/fez.ch\/wp\/wp-content\/uploads\/2019\/06\/Lockheed-Martin_F-35A_AF135081_LSMP-1024x683.jpg\" alt=\"\" class=\"wp-image-646\" srcset=\"http:\/\/fez.ch\/wp\/wp-content\/uploads\/2019\/06\/Lockheed-Martin_F-35A_AF135081_LSMP-1024x683.jpg 1024w, http:\/\/fez.ch\/wp\/wp-content\/uploads\/2019\/06\/Lockheed-Martin_F-35A_AF135081_LSMP-150x100.jpg 150w, http:\/\/fez.ch\/wp\/wp-content\/uploads\/2019\/06\/Lockheed-Martin_F-35A_AF135081_LSMP-400x267.jpg 400w, http:\/\/fez.ch\/wp\/wp-content\/uploads\/2019\/06\/Lockheed-Martin_F-35A_AF135081_LSMP-768x512.jpg 768w\" sizes=\"auto, (max-width: 1024px) 100vw, 1024px\" \/><figcaption class=\"wp-element-caption\">Lockheed-Martin F-35A Lightning II, AF135081 Air Combat Command\n388th Fighter Wing&#8217;s 34th Fighter Squadron &#8220;Rude Rams&#8221; HL Hill Air Force Base, Utah, SSGT Gallen Topper, United Staates Air Force, at Milit\u00e4rflugplatz Payerne LSMP Switzerland<\/figcaption><\/figure>\n\n\n\n<p>-5. Saab JAS 39E Gripen NG nach schwedischem Standart<\/p>\n\n\n\n<figure class=\"wp-block-image\"><img loading=\"lazy\" decoding=\"async\" width=\"1024\" height=\"683\" data-attachment-id=\"552\" data-permalink=\"http:\/\/fez.ch\/wp\/?attachment_id=552\" data-orig-file=\"http:\/\/fez.ch\/wp\/wp-content\/uploads\/2019\/04\/IMG_8727.jpg\" data-orig-size=\"5184,3456\" data-comments-opened=\"0\" data-image-meta=\"{&quot;aperture&quot;:&quot;11&quot;,&quot;credit&quot;:&quot;&quot;,&quot;camera&quot;:&quot;Canon EOS 7D&quot;,&quot;caption&quot;:&quot;&quot;,&quot;created_timestamp&quot;:&quot;1349695597&quot;,&quot;copyright&quot;:&quot;&quot;,&quot;focal_length&quot;:&quot;50&quot;,&quot;iso&quot;:&quot;640&quot;,&quot;shutter_speed&quot;:&quot;0.0025&quot;,&quot;title&quot;:&quot;&quot;,&quot;orientation&quot;:&quot;0&quot;}\" data-image-title=\"Saab JAS 39F Gripen NG\" data-image-description=\"\" data-image-caption=\"\" data-medium-file=\"http:\/\/fez.ch\/wp\/wp-content\/uploads\/2019\/04\/IMG_8727-400x267.jpg\" data-large-file=\"http:\/\/fez.ch\/wp\/wp-content\/uploads\/2019\/04\/IMG_8727-1024x683.jpg\" src=\"http:\/\/fez.ch\/wp\/wp-content\/uploads\/2019\/04\/IMG_8727-1024x683.jpg\" alt=\"\" class=\"wp-image-552\" srcset=\"http:\/\/fez.ch\/wp\/wp-content\/uploads\/2019\/04\/IMG_8727-1024x683.jpg 1024w, http:\/\/fez.ch\/wp\/wp-content\/uploads\/2019\/04\/IMG_8727-150x100.jpg 150w, http:\/\/fez.ch\/wp\/wp-content\/uploads\/2019\/04\/IMG_8727-400x267.jpg 400w, http:\/\/fez.ch\/wp\/wp-content\/uploads\/2019\/04\/IMG_8727-768x512.jpg 768w\" sizes=\"auto, (max-width: 1024px) 100vw, 1024px\" \/><figcaption class=\"wp-element-caption\">Saab JAS 39 F Gripen NG Prototyp<\/figcaption><\/figure>\n\n\n\n<p>Die Evaluation der f\u00fcnf Kandidaten findet vom 12.04.2019 bis am 25.06.2019 statt.<\/p>\n\n\n\n<p><\/p>\n\n\n\n<figure class=\"wp-block-image size-large\"><img loading=\"lazy\" decoding=\"async\" width=\"1024\" height=\"683\" data-attachment-id=\"643\" data-permalink=\"http:\/\/fez.ch\/wp\/?attachment_id=643\" data-orig-file=\"http:\/\/fez.ch\/wp\/wp-content\/uploads\/2019\/06\/F-35a_start_lsmp.jpg\" data-orig-size=\"5184,3456\" data-comments-opened=\"0\" data-image-meta=\"{&quot;aperture&quot;:&quot;9&quot;,&quot;credit&quot;:&quot;Roland Buechler roli@fez.ch&quot;,&quot;camera&quot;:&quot;Canon EOS 7D&quot;,&quot;caption&quot;:&quot;&quot;,&quot;created_timestamp&quot;:&quot;1559902545&quot;,&quot;copyright&quot;:&quot;roli@fez.ch&quot;,&quot;focal_length&quot;:&quot;332&quot;,&quot;iso&quot;:&quot;125&quot;,&quot;shutter_speed&quot;:&quot;0.0015625&quot;,&quot;title&quot;:&quot;&quot;,&quot;orientation&quot;:&quot;1&quot;}\" data-image-title=\"F-35a_start_lsmp\" data-image-description=\"\" data-image-caption=\"&lt;p&gt;Lockheed-Martin F-35A Lightning II, AF135081 Air Combat Command&lt;br \/&gt;\n388th Fighter Wing&amp;#8217;s 34th Fighter Squadron &amp;#8220;Rude Rams&amp;#8221; HL Hill Air Force Base, Utah, SSGT Gallen Topper, United Staates Air Force, at Milit\u00e4rflugplatz Payerne LSMP Switzerland&lt;\/p&gt;\n\" data-medium-file=\"http:\/\/fez.ch\/wp\/wp-content\/uploads\/2019\/06\/F-35a_start_lsmp-400x267.jpg\" data-large-file=\"http:\/\/fez.ch\/wp\/wp-content\/uploads\/2019\/06\/F-35a_start_lsmp-1024x683.jpg\" src=\"http:\/\/fez.ch\/wp\/wp-content\/uploads\/2019\/06\/F-35a_start_lsmp-1024x683.jpg\" alt=\"\" class=\"wp-image-643\" srcset=\"http:\/\/fez.ch\/wp\/wp-content\/uploads\/2019\/06\/F-35a_start_lsmp-1024x683.jpg 1024w, http:\/\/fez.ch\/wp\/wp-content\/uploads\/2019\/06\/F-35a_start_lsmp-150x100.jpg 150w, http:\/\/fez.ch\/wp\/wp-content\/uploads\/2019\/06\/F-35a_start_lsmp-400x267.jpg 400w, http:\/\/fez.ch\/wp\/wp-content\/uploads\/2019\/06\/F-35a_start_lsmp-768x512.jpg 768w\" sizes=\"auto, (max-width: 1024px) 100vw, 1024px\" \/><figcaption class=\"wp-element-caption\">Lockheed-Martin F-35A Lightning II, AF135081 Air Combat Command\n388th Fighter Wing&#8217;s 34th Fighter Squadron &#8220;Rude Rams&#8221; HL Hill Air Force Base, Utah, SSGT Gallen Topper, United Staates Air Force, at Milit\u00e4rflugplatz Payerne LSMP Switzerland<\/figcaption><\/figure>\n\n\n\n<p>Nach der Evaluation wurden die Testergebnisse dem Schweizer Bundesrat vorgelegt, welchen den Lockheed-Martin F-35A Lightning II als Sieger erkoren haben. Nach der offiziellen Bestellung beim Amerikanischen Verteidigungsministeriums, werden die 36 Maschinen schon bald im italienischen Werk endmontiert.<\/p>\n","protected":false},"excerpt":{"rendered":"<p>Die Schweizer Luftwaffe hatte nach Ende des Kalten Krieges in den 90er-Jahren des letzten Jahrhunderts die bestehende Luftwaffe faktisch auf eine Tages-Luftpolizei und Leichttransporteinheit reduziert. Bei einem Konflikt w\u00e4re die Durchhaltef\u00e4higkeit und eine rund- um-die-Uhr Sicherung des Luftraumes nicht mehr gew\u00e4hrt. Um dies zu verstehen muss auch das europ\u00e4ische Umfeld beobachtet werden. Auch dort haben&hellip; <a class=\"more-link\" href=\"http:\/\/fez.ch\/wp\/?page_id=532\">Continue reading <span class=\"screen-reader-text\">Air2030 &#8211; Evolution der Schweizer Luftwaffe f\u00fcr ein neues Kampfflugzeug<\/span><\/a><\/p>\n","protected":false},"author":2,"featured_media":0,"parent":0,"menu_order":0,"comment_status":"closed","ping_status":"closed","template":"","meta":{"footnotes":""},"class_list":["post-532","page","type-page","status-publish","hentry","entry"],"jetpack_shortlink":"https:\/\/wp.me\/P4awtP-8A","_links":{"self":[{"href":"http:\/\/fez.ch\/wp\/index.php?rest_route=\/wp\/v2\/pages\/532","targetHints":{"allow":["GET"]}}],"collection":[{"href":"http:\/\/fez.ch\/wp\/index.php?rest_route=\/wp\/v2\/pages"}],"about":[{"href":"http:\/\/fez.ch\/wp\/index.php?rest_route=\/wp\/v2\/types\/page"}],"author":[{"embeddable":true,"href":"http:\/\/fez.ch\/wp\/index.php?rest_route=\/wp\/v2\/users\/2"}],"replies":[{"embeddable":true,"href":"http:\/\/fez.ch\/wp\/index.php?rest_route=%2Fwp%2Fv2%2Fcomments&post=532"}],"version-history":[{"count":4,"href":"http:\/\/fez.ch\/wp\/index.php?rest_route=\/wp\/v2\/pages\/532\/revisions"}],"predecessor-version":[{"id":693,"href":"http:\/\/fez.ch\/wp\/index.php?rest_route=\/wp\/v2\/pages\/532\/revisions\/693"}],"wp:attachment":[{"href":"http:\/\/fez.ch\/wp\/index.php?rest_route=%2Fwp%2Fv2%2Fmedia&parent=532"}],"curies":[{"name":"wp","href":"https:\/\/api.w.org\/{rel}","templated":true}]}}