{"id":481,"date":"2018-02-05T20:23:50","date_gmt":"2018-02-05T19:23:50","guid":{"rendered":"http:\/\/fez.ch\/wp\/?page_id=481"},"modified":"2018-02-05T20:49:18","modified_gmt":"2018-02-05T19:49:18","slug":"prasidiale-luftflotte-des-u-s-stabes","status":"publish","type":"page","link":"http:\/\/fez.ch\/wp\/?page_id=481","title":{"rendered":"Pr\u00e4sidiale Luftflotte des U.S. Stabes"},"content":{"rendered":"<p>Die amerikanischen Stabschef und der Pr\u00e4sident werden in den USA vom Secret Service am Boden gesch\u00fctzt. In der Luft ist \u00fcblicherweise keine offensichtlich bewaffnete Eskorte im Begleit. Wenn der pr\u00e4sidiale Hubschrauber, die &#8220;Marine One&#8221;, unterwegs ist, wird sie je nach Einsatzort von weiteren Hubschraubern mit Agenten des Secret Service an Bord begleitet. Eine Eskorte mit Kampfflugzeugen ist aus hoheitsrechtlichen Gr\u00fcnden in anderen L\u00e4ndern meistens nicht erlaubt. F\u00fcr die Bef\u00f6rderung des Stabes und des Pr\u00e4sidenten stellt die United Staates Air Force (USAF) die Fl\u00e4chenflugzeuge und das United Staates Marine Corps (USMC) die Hubschrauber. Die Flotte umfasst .. Fl\u00e4chenflugzeuge und &#8230; Hubschrauber.<\/p>\n<p><a href=\"http:\/\/fez.ch\/wp\/wp-content\/uploads\/2018\/02\/952a2710-46be-4ab2-9b93-456e3ad0e209.jpg\"><img loading=\"lazy\" decoding=\"async\" data-attachment-id=\"492\" data-permalink=\"http:\/\/fez.ch\/wp\/?attachment_id=492\" data-orig-file=\"http:\/\/fez.ch\/wp\/wp-content\/uploads\/2018\/02\/952a2710-46be-4ab2-9b93-456e3ad0e209.jpg\" data-orig-size=\"1440,900\" data-comments-opened=\"0\" data-image-meta=\"{&quot;aperture&quot;:&quot;0&quot;,&quot;credit&quot;:&quot;&quot;,&quot;camera&quot;:&quot;&quot;,&quot;caption&quot;:&quot;&quot;,&quot;created_timestamp&quot;:&quot;0&quot;,&quot;copyright&quot;:&quot;&quot;,&quot;focal_length&quot;:&quot;0&quot;,&quot;iso&quot;:&quot;0&quot;,&quot;shutter_speed&quot;:&quot;0&quot;,&quot;title&quot;:&quot;&quot;,&quot;orientation&quot;:&quot;0&quot;}\" data-image-title=\"Boeing B-747-200 VC-25 &amp;#8220;Air Force One&amp;#8221; USAF\" data-image-description=\"&lt;p&gt;Boeing B747-200 (VC-25A) der U.S.Air Force, Air Force One am Start in Z\u00fcrich-Kloten LSZH Switzerland&lt;\/p&gt;\n\" data-image-caption=\"&lt;p&gt;Boeing B747-200 (VC-25A) der U.S.Air Force, Air Force One am Start in Z\u00fcrich-Kloten LSZH Switzerland&lt;\/p&gt;\n\" data-medium-file=\"http:\/\/fez.ch\/wp\/wp-content\/uploads\/2018\/02\/952a2710-46be-4ab2-9b93-456e3ad0e209-400x250.jpg\" data-large-file=\"http:\/\/fez.ch\/wp\/wp-content\/uploads\/2018\/02\/952a2710-46be-4ab2-9b93-456e3ad0e209-1024x640.jpg\" class=\"alignnone size-medium wp-image-492\" src=\"http:\/\/fez.ch\/wp\/wp-content\/uploads\/2018\/02\/952a2710-46be-4ab2-9b93-456e3ad0e209-400x250.jpg\" alt=\"\" width=\"400\" height=\"250\" srcset=\"http:\/\/fez.ch\/wp\/wp-content\/uploads\/2018\/02\/952a2710-46be-4ab2-9b93-456e3ad0e209-400x250.jpg 400w, http:\/\/fez.ch\/wp\/wp-content\/uploads\/2018\/02\/952a2710-46be-4ab2-9b93-456e3ad0e209-150x94.jpg 150w, http:\/\/fez.ch\/wp\/wp-content\/uploads\/2018\/02\/952a2710-46be-4ab2-9b93-456e3ad0e209-768x480.jpg 768w, http:\/\/fez.ch\/wp\/wp-content\/uploads\/2018\/02\/952a2710-46be-4ab2-9b93-456e3ad0e209-1024x640.jpg 1024w, http:\/\/fez.ch\/wp\/wp-content\/uploads\/2018\/02\/952a2710-46be-4ab2-9b93-456e3ad0e209.jpg 1440w\" sizes=\"auto, (max-width: 400px) 100vw, 400px\" \/><\/a><\/p>\n<p>Wenn der amerikanische Pr\u00e4sident an Bord eines Flugzeuges ist ist der jeweilige Funkrufname &#8220;Air Force One&#8221;, an Bord eines Hubschrauber wird es zur &#8220;Marine One&#8221;.<\/p>\n<p><a href=\"http:\/\/fez.ch\/wp\/wp-content\/uploads\/2018\/02\/IMG_0425.jpg\"><img loading=\"lazy\" decoding=\"async\" data-attachment-id=\"487\" data-permalink=\"http:\/\/fez.ch\/wp\/?attachment_id=487\" data-orig-file=\"http:\/\/fez.ch\/wp\/wp-content\/uploads\/2018\/02\/IMG_0425.jpg\" data-orig-size=\"6000,4000\" data-comments-opened=\"0\" data-image-meta=\"{&quot;aperture&quot;:&quot;5.6&quot;,&quot;credit&quot;:&quot;&quot;,&quot;camera&quot;:&quot;Canon EOS 80D&quot;,&quot;caption&quot;:&quot;&quot;,&quot;created_timestamp&quot;:&quot;1516981313&quot;,&quot;copyright&quot;:&quot;&quot;,&quot;focal_length&quot;:&quot;113&quot;,&quot;iso&quot;:&quot;160&quot;,&quot;shutter_speed&quot;:&quot;0.00625&quot;,&quot;title&quot;:&quot;&quot;,&quot;orientation&quot;:&quot;1&quot;}\" data-image-title=\"IMG_0425\" data-image-description=\"\" data-image-caption=\"\" data-medium-file=\"http:\/\/fez.ch\/wp\/wp-content\/uploads\/2018\/02\/IMG_0425-400x267.jpg\" data-large-file=\"http:\/\/fez.ch\/wp\/wp-content\/uploads\/2018\/02\/IMG_0425-1024x683.jpg\" class=\"alignnone size-medium wp-image-487\" src=\"http:\/\/fez.ch\/wp\/wp-content\/uploads\/2018\/02\/IMG_0425-400x267.jpg\" alt=\"\" width=\"400\" height=\"267\" srcset=\"http:\/\/fez.ch\/wp\/wp-content\/uploads\/2018\/02\/IMG_0425-400x267.jpg 400w, http:\/\/fez.ch\/wp\/wp-content\/uploads\/2018\/02\/IMG_0425-150x100.jpg 150w, http:\/\/fez.ch\/wp\/wp-content\/uploads\/2018\/02\/IMG_0425-768x512.jpg 768w, http:\/\/fez.ch\/wp\/wp-content\/uploads\/2018\/02\/IMG_0425-1024x683.jpg 1024w\" sizes=\"auto, (max-width: 400px) 100vw, 400px\" \/><\/a><\/p>\n","protected":false},"excerpt":{"rendered":"<p>Die amerikanischen Stabschef und der Pr\u00e4sident werden in den USA vom Secret Service am Boden gesch\u00fctzt. In der Luft ist \u00fcblicherweise keine offensichtlich bewaffnete Eskorte im Begleit. Wenn der pr\u00e4sidiale Hubschrauber, die &#8220;Marine One&#8221;, unterwegs ist, wird sie je nach Einsatzort von weiteren Hubschraubern mit Agenten des Secret Service an Bord begleitet. Eine Eskorte mit&hellip; <a class=\"more-link\" href=\"http:\/\/fez.ch\/wp\/?page_id=481\">Continue reading <span class=\"screen-reader-text\">Pr\u00e4sidiale Luftflotte des U.S. Stabes<\/span><\/a><\/p>\n","protected":false},"author":2,"featured_media":0,"parent":0,"menu_order":0,"comment_status":"closed","ping_status":"closed","template":"","meta":{"footnotes":""},"class_list":["post-481","page","type-page","status-publish","hentry","entry"],"jetpack_shortlink":"https:\/\/wp.me\/P4awtP-7L","_links":{"self":[{"href":"http:\/\/fez.ch\/wp\/index.php?rest_route=\/wp\/v2\/pages\/481","targetHints":{"allow":["GET"]}}],"collection":[{"href":"http:\/\/fez.ch\/wp\/index.php?rest_route=\/wp\/v2\/pages"}],"about":[{"href":"http:\/\/fez.ch\/wp\/index.php?rest_route=\/wp\/v2\/types\/page"}],"author":[{"embeddable":true,"href":"http:\/\/fez.ch\/wp\/index.php?rest_route=\/wp\/v2\/users\/2"}],"replies":[{"embeddable":true,"href":"http:\/\/fez.ch\/wp\/index.php?rest_route=%2Fwp%2Fv2%2Fcomments&post=481"}],"version-history":[{"count":2,"href":"http:\/\/fez.ch\/wp\/index.php?rest_route=\/wp\/v2\/pages\/481\/revisions"}],"predecessor-version":[{"id":498,"href":"http:\/\/fez.ch\/wp\/index.php?rest_route=\/wp\/v2\/pages\/481\/revisions\/498"}],"wp:attachment":[{"href":"http:\/\/fez.ch\/wp\/index.php?rest_route=%2Fwp%2Fv2%2Fmedia&parent=481"}],"curies":[{"name":"wp","href":"https:\/\/api.w.org\/{rel}","templated":true}]}}