{"id":267,"date":"2014-09-15T20:29:31","date_gmt":"2014-09-15T19:29:31","guid":{"rendered":"http:\/\/fez.ch\/wp\/?page_id=267"},"modified":"2014-09-15T21:20:09","modified_gmt":"2014-09-15T20:20:09","slug":"osterreichische-luftwaffe-luftstreitkrafte-des-bundesheeres-2014","status":"publish","type":"page","link":"http:\/\/fez.ch\/wp\/?page_id=267","title":{"rendered":"\u00d6sterreichische Luftwaffe (Luftstreitkr\u00e4fte des Bundesheeres) 2014"},"content":{"rendered":"<figure id=\"attachment_293\" aria-describedby=\"caption-attachment-293\" style=\"width: 400px\" class=\"wp-caption alignnone\"><img loading=\"lazy\" decoding=\"async\" data-attachment-id=\"293\" data-permalink=\"http:\/\/fez.ch\/wp\/?attachment_id=293\" data-orig-file=\"http:\/\/fez.ch\/wp\/wp-content\/uploads\/2014\/09\/Eurofighter_7L-WM_AUT.jpg\" data-orig-size=\"3456,2304\" data-comments-opened=\"0\" data-image-meta=\"{&quot;aperture&quot;:&quot;11&quot;,&quot;credit&quot;:&quot;Roland Buechler roli@fez.ch&quot;,&quot;camera&quot;:&quot;Canon EOS 7D&quot;,&quot;caption&quot;:&quot;&quot;,&quot;created_timestamp&quot;:&quot;1409392273&quot;,&quot;copyright&quot;:&quot;roli@fez.ch&quot;,&quot;focal_length&quot;:&quot;20&quot;,&quot;iso&quot;:&quot;320&quot;,&quot;shutter_speed&quot;:&quot;0.0015625&quot;,&quot;title&quot;:&quot;&quot;,&quot;orientation&quot;:&quot;1&quot;}\" data-image-title=\"Eurofighter_7L-WM_AUT\" data-image-description=\"\" data-image-caption=\"\" data-medium-file=\"http:\/\/fez.ch\/wp\/wp-content\/uploads\/2014\/09\/Eurofighter_7L-WM_AUT-400x266.jpg\" data-large-file=\"http:\/\/fez.ch\/wp\/wp-content\/uploads\/2014\/09\/Eurofighter_7L-WM_AUT-1024x682.jpg\" class=\"wp-image-293 size-medium\" src=\"http:\/\/fez.ch\/wp\/wp-content\/uploads\/2014\/09\/Eurofighter_7L-WM_AUT-400x266.jpg\" alt=\"Eurofighter_7L-WM_AUT\" width=\"400\" height=\"266\" srcset=\"http:\/\/fez.ch\/wp\/wp-content\/uploads\/2014\/09\/Eurofighter_7L-WM_AUT-400x266.jpg 400w, http:\/\/fez.ch\/wp\/wp-content\/uploads\/2014\/09\/Eurofighter_7L-WM_AUT-150x100.jpg 150w, http:\/\/fez.ch\/wp\/wp-content\/uploads\/2014\/09\/Eurofighter_7L-WM_AUT-1024x682.jpg 1024w\" sizes=\"auto, (max-width: 400px) 100vw, 400px\" \/><figcaption id=\"caption-attachment-293\" class=\"wp-caption-text\">Eurofighter Thyphoon 7L-WM<\/figcaption><\/figure>\n<p>Nach dem Ende des 2. Weltkrieges wurde das Deutsche Reich zerschlagen und \u00d6sterreich herausgebrochen. Das Land wurde in vier Besatzungszonen aufgeteilt und nach dem Abzug der Besatzer wurde dem Land strikte Neutralit\u00e4t verschrieben und die Krallen gestutzt. So wurden Flugzeugen das Tragen von Lenkflugk\u00f6rper verboten als ein Beispiel. Zudem wurde jeweils veraltetes Material beschafft und lediglich die Lufttransportkapazit\u00e4t auf einem guten Stand gehalten. Mit der Einf\u00fchrung der Eurofighter und der Blackhawk sollte sich dies \u00e4ndern. Mit ihren C-130 Hercules verf\u00fcgen sie zudem \u00fcber strategische Lufttransportkapazit\u00e4ten wogegen die Schweizer Luftwaffe diesbez\u00fcglich eine Riesenl\u00fccke aufweist und nicht nur im Ereignisfall von NATO-\u00dcberkapazit\u00e4ten abh\u00e4ngig ist. Trotzdem ist die Trainerflotte mit PC-7 und Saab 105 \u00fcberf\u00e4llig durch zeitgem\u00e4sse Trainingsflugzeuge ersetzt zu werden, da die Lebensdauer nicht ewig erweitert werden kann. Gleich sieht es bei eine Grossteil der Transport- und Verbindungshubschraubern aus. Dort sollten Bell 212, Alouette III und OH-58A durch zeitgem\u00e4ssere Hubschrauber ersetzt werden k\u00f6nnen.<\/p>\n<figure id=\"attachment_268\" aria-describedby=\"caption-attachment-268\" style=\"width: 400px\" class=\"wp-caption alignnone\"><img loading=\"lazy\" decoding=\"async\" data-attachment-id=\"268\" data-permalink=\"http:\/\/fez.ch\/wp\/?attachment_id=268\" data-orig-file=\"http:\/\/fez.ch\/wp\/wp-content\/uploads\/2014\/09\/IMG_6927.jpg\" data-orig-size=\"5184,3456\" data-comments-opened=\"0\" data-image-meta=\"{&quot;aperture&quot;:&quot;7.1&quot;,&quot;credit&quot;:&quot;Roland Buechler roli@fez.ch&quot;,&quot;camera&quot;:&quot;Canon EOS 7D&quot;,&quot;caption&quot;:&quot;&quot;,&quot;created_timestamp&quot;:&quot;1406625945&quot;,&quot;copyright&quot;:&quot;roli@fez.ch&quot;,&quot;focal_length&quot;:&quot;195&quot;,&quot;iso&quot;:&quot;500&quot;,&quot;shutter_speed&quot;:&quot;0.00125&quot;,&quot;title&quot;:&quot;&quot;,&quot;orientation&quot;:&quot;0&quot;}\" data-image-title=\"Saab 105 rote B mit 30mm-MK-Beh\u00e4lter in Linz-H\u00f6rsching\" data-image-description=\"\" data-image-caption=\"&lt;p&gt;Austrian Air Force Jet Trainer&lt;\/p&gt;\n\" data-medium-file=\"http:\/\/fez.ch\/wp\/wp-content\/uploads\/2014\/09\/IMG_6927-400x266.jpg\" data-large-file=\"http:\/\/fez.ch\/wp\/wp-content\/uploads\/2014\/09\/IMG_6927-1024x682.jpg\" class=\"size-medium wp-image-268\" src=\"http:\/\/fez.ch\/wp\/wp-content\/uploads\/2014\/09\/IMG_6927-400x266.jpg\" alt=\"Austrian Air Force Jet Trainer\" width=\"400\" height=\"266\" srcset=\"http:\/\/fez.ch\/wp\/wp-content\/uploads\/2014\/09\/IMG_6927-400x266.jpg 400w, http:\/\/fez.ch\/wp\/wp-content\/uploads\/2014\/09\/IMG_6927-150x100.jpg 150w, http:\/\/fez.ch\/wp\/wp-content\/uploads\/2014\/09\/IMG_6927-1024x682.jpg 1024w\" sizes=\"auto, (max-width: 400px) 100vw, 400px\" \/><figcaption id=\"caption-attachment-268\" class=\"wp-caption-text\">Austrian Air Force Jet Trainer<\/figcaption><\/figure>\n<figure id=\"attachment_275\" aria-describedby=\"caption-attachment-275\" style=\"width: 400px\" class=\"wp-caption alignnone\"><img loading=\"lazy\" decoding=\"async\" data-attachment-id=\"275\" data-permalink=\"http:\/\/fez.ch\/wp\/?attachment_id=275\" data-orig-file=\"http:\/\/fez.ch\/wp\/wp-content\/uploads\/2014\/09\/IMG_7019.jpg\" data-orig-size=\"5184,3456\" data-comments-opened=\"0\" data-image-meta=\"{&quot;aperture&quot;:&quot;45&quot;,&quot;credit&quot;:&quot;Roland Buechler roli@fez.ch&quot;,&quot;camera&quot;:&quot;Canon EOS 7D&quot;,&quot;caption&quot;:&quot;&quot;,&quot;created_timestamp&quot;:&quot;1406628610&quot;,&quot;copyright&quot;:&quot;roli@fez.ch&quot;,&quot;focal_length&quot;:&quot;280&quot;,&quot;iso&quot;:&quot;500&quot;,&quot;shutter_speed&quot;:&quot;0.016666666666667&quot;,&quot;title&quot;:&quot;&quot;,&quot;orientation&quot;:&quot;0&quot;}\" data-image-title=\"Lockheed C-130K &amp;#8220;Hercules&amp;#8221; des \u00f6sterreichischen Bundesheeres in Linz beim Start\" data-image-description=\"\" data-image-caption=\"\" data-medium-file=\"http:\/\/fez.ch\/wp\/wp-content\/uploads\/2014\/09\/IMG_7019-400x266.jpg\" data-large-file=\"http:\/\/fez.ch\/wp\/wp-content\/uploads\/2014\/09\/IMG_7019-1024x682.jpg\" class=\"wp-image-275 size-medium\" src=\"http:\/\/fez.ch\/wp\/wp-content\/uploads\/2014\/09\/IMG_7019-400x266.jpg\" alt=\"Lockheed C-130K &quot;Hercules&quot; des \u00f6sterreichischen Bundesheeres in Linz beim Start\" width=\"400\" height=\"266\" srcset=\"http:\/\/fez.ch\/wp\/wp-content\/uploads\/2014\/09\/IMG_7019-400x266.jpg 400w, http:\/\/fez.ch\/wp\/wp-content\/uploads\/2014\/09\/IMG_7019-150x100.jpg 150w, http:\/\/fez.ch\/wp\/wp-content\/uploads\/2014\/09\/IMG_7019-1024x682.jpg 1024w\" sizes=\"auto, (max-width: 400px) 100vw, 400px\" \/><figcaption id=\"caption-attachment-275\" class=\"wp-caption-text\">Lockheed C-130K &#8220;Hercules&#8221; 8T-CB des \u00f6sterreichischen Bundesheeres in Linz beim Start<\/figcaption><\/figure>\n<figure id=\"attachment_278\" aria-describedby=\"caption-attachment-278\" style=\"width: 400px\" class=\"wp-caption alignnone\"><img loading=\"lazy\" decoding=\"async\" data-attachment-id=\"278\" data-permalink=\"http:\/\/fez.ch\/wp\/?attachment_id=278\" data-orig-file=\"http:\/\/fez.ch\/wp\/wp-content\/uploads\/2014\/09\/IMG_6881.jpg\" data-orig-size=\"3456,2304\" data-comments-opened=\"0\" data-image-meta=\"{&quot;aperture&quot;:&quot;4&quot;,&quot;credit&quot;:&quot;Roland Buechler roli@fez.ch&quot;,&quot;camera&quot;:&quot;Canon EOS 7D&quot;,&quot;caption&quot;:&quot;&quot;,&quot;created_timestamp&quot;:&quot;1406577166&quot;,&quot;copyright&quot;:&quot;roli@fez.ch&quot;,&quot;focal_length&quot;:&quot;255&quot;,&quot;iso&quot;:&quot;100&quot;,&quot;shutter_speed&quot;:&quot;0.00625&quot;,&quot;title&quot;:&quot;&quot;,&quot;orientation&quot;:&quot;1&quot;}\" data-image-title=\"C-130K Hercuels\" data-image-description=\"\" data-image-caption=\"\" data-medium-file=\"http:\/\/fez.ch\/wp\/wp-content\/uploads\/2014\/09\/IMG_6881-400x266.jpg\" data-large-file=\"http:\/\/fez.ch\/wp\/wp-content\/uploads\/2014\/09\/IMG_6881-1024x682.jpg\" class=\"wp-image-278 size-medium\" src=\"http:\/\/fez.ch\/wp\/wp-content\/uploads\/2014\/09\/IMG_6881-400x266.jpg\" alt=\"C-130K Hercuels\" width=\"400\" height=\"266\" srcset=\"http:\/\/fez.ch\/wp\/wp-content\/uploads\/2014\/09\/IMG_6881-400x266.jpg 400w, http:\/\/fez.ch\/wp\/wp-content\/uploads\/2014\/09\/IMG_6881-150x100.jpg 150w, http:\/\/fez.ch\/wp\/wp-content\/uploads\/2014\/09\/IMG_6881-1024x682.jpg 1024w\" sizes=\"auto, (max-width: 400px) 100vw, 400px\" \/><figcaption id=\"caption-attachment-278\" class=\"wp-caption-text\">Lockheed C-130K &#8220;Hercules&#8221; 8T-CB des \u00f6sterreichischen Bundesheeres in Linz-H\u00f6rsching vor einem Flug nach S\u00fcden<\/figcaption><\/figure>\n<figure id=\"attachment_274\" aria-describedby=\"caption-attachment-274\" style=\"width: 400px\" class=\"wp-caption alignnone\"><img loading=\"lazy\" decoding=\"async\" data-attachment-id=\"274\" data-permalink=\"http:\/\/fez.ch\/wp\/?attachment_id=274\" data-orig-file=\"http:\/\/fez.ch\/wp\/wp-content\/uploads\/2014\/09\/IMG_7001.jpg\" data-orig-size=\"5184,3456\" data-comments-opened=\"0\" data-image-meta=\"{&quot;aperture&quot;:&quot;32&quot;,&quot;credit&quot;:&quot;Roland Buechler roli@fez.ch&quot;,&quot;camera&quot;:&quot;Canon EOS 7D&quot;,&quot;caption&quot;:&quot;&quot;,&quot;created_timestamp&quot;:&quot;1406627930&quot;,&quot;copyright&quot;:&quot;roli@fez.ch&quot;,&quot;focal_length&quot;:&quot;280&quot;,&quot;iso&quot;:&quot;500&quot;,&quot;shutter_speed&quot;:&quot;0.016666666666667&quot;,&quot;title&quot;:&quot;&quot;,&quot;orientation&quot;:&quot;0&quot;}\" data-image-title=\"Lockheed C-130K &amp;#8220;Hercules&amp;#8221; des \u00f6sterreichischen Bundesheeres in Linz\" data-image-description=\"\" data-image-caption=\"\" data-medium-file=\"http:\/\/fez.ch\/wp\/wp-content\/uploads\/2014\/09\/IMG_7001-400x266.jpg\" data-large-file=\"http:\/\/fez.ch\/wp\/wp-content\/uploads\/2014\/09\/IMG_7001-1024x682.jpg\" class=\"wp-image-274 size-medium\" src=\"http:\/\/fez.ch\/wp\/wp-content\/uploads\/2014\/09\/IMG_7001-400x266.jpg\" alt=\"Lockheed C-130K &quot;Hercules&quot; des \u00f6sterreichischen Bundesheeres in Linz\" width=\"400\" height=\"266\" srcset=\"http:\/\/fez.ch\/wp\/wp-content\/uploads\/2014\/09\/IMG_7001-400x266.jpg 400w, http:\/\/fez.ch\/wp\/wp-content\/uploads\/2014\/09\/IMG_7001-150x100.jpg 150w, http:\/\/fez.ch\/wp\/wp-content\/uploads\/2014\/09\/IMG_7001-1024x682.jpg 1024w\" sizes=\"auto, (max-width: 400px) 100vw, 400px\" \/><figcaption id=\"caption-attachment-274\" class=\"wp-caption-text\">Lockheed C-130K &#8220;Hercules&#8221; des \u00f6sterreichischen Bundesheeres in Linz beim Start<\/figcaption><\/figure>\n<figure id=\"attachment_269\" aria-describedby=\"caption-attachment-269\" style=\"width: 400px\" class=\"wp-caption alignnone\"><img loading=\"lazy\" decoding=\"async\" data-attachment-id=\"269\" data-permalink=\"http:\/\/fez.ch\/wp\/?attachment_id=269\" data-orig-file=\"http:\/\/fez.ch\/wp\/wp-content\/uploads\/2014\/09\/IMG_6960.jpg\" data-orig-size=\"3456,2304\" data-comments-opened=\"0\" data-image-meta=\"{&quot;aperture&quot;:&quot;8&quot;,&quot;credit&quot;:&quot;Roland Buechler roli@fez.ch&quot;,&quot;camera&quot;:&quot;Canon EOS 7D&quot;,&quot;caption&quot;:&quot;&quot;,&quot;created_timestamp&quot;:&quot;1406626167&quot;,&quot;copyright&quot;:&quot;roli@fez.ch&quot;,&quot;focal_length&quot;:&quot;280&quot;,&quot;iso&quot;:&quot;500&quot;,&quot;shutter_speed&quot;:&quot;0.001&quot;,&quot;title&quot;:&quot;&quot;,&quot;orientation&quot;:&quot;1&quot;}\" data-image-title=\"Saab 105Oe Doppelstart in Linz\" data-image-description=\"\" data-image-caption=\"\" data-medium-file=\"http:\/\/fez.ch\/wp\/wp-content\/uploads\/2014\/09\/IMG_6960-400x266.jpg\" data-large-file=\"http:\/\/fez.ch\/wp\/wp-content\/uploads\/2014\/09\/IMG_6960-1024x682.jpg\" class=\"wp-image-269 size-medium\" src=\"http:\/\/fez.ch\/wp\/wp-content\/uploads\/2014\/09\/IMG_6960-400x266.jpg\" alt=\"Saab 105Oe rote B und blaue F des \u00f6sterreichischen Bundesheer beim Doppelstart in Linz-H\u00f6rsching\" width=\"400\" height=\"266\" srcset=\"http:\/\/fez.ch\/wp\/wp-content\/uploads\/2014\/09\/IMG_6960-400x266.jpg 400w, http:\/\/fez.ch\/wp\/wp-content\/uploads\/2014\/09\/IMG_6960-150x100.jpg 150w, http:\/\/fez.ch\/wp\/wp-content\/uploads\/2014\/09\/IMG_6960-1024x682.jpg 1024w\" sizes=\"auto, (max-width: 400px) 100vw, 400px\" \/><figcaption id=\"caption-attachment-269\" class=\"wp-caption-text\">Saab 105Oe rote B und blaue F des \u00f6sterreichischen Bundesheer beim Doppelstart in Linz-H\u00f6rsching<\/figcaption><\/figure>\n<figure id=\"attachment_270\" aria-describedby=\"caption-attachment-270\" style=\"width: 400px\" class=\"wp-caption alignnone\"><img loading=\"lazy\" decoding=\"async\" data-attachment-id=\"270\" data-permalink=\"http:\/\/fez.ch\/wp\/?attachment_id=270\" data-orig-file=\"http:\/\/fez.ch\/wp\/wp-content\/uploads\/2014\/09\/IMG_6973.jpg\" data-orig-size=\"5184,3456\" data-comments-opened=\"0\" data-image-meta=\"{&quot;aperture&quot;:&quot;9&quot;,&quot;credit&quot;:&quot;Roland Buechler roli@fez.ch&quot;,&quot;camera&quot;:&quot;Canon EOS 7D&quot;,&quot;caption&quot;:&quot;&quot;,&quot;created_timestamp&quot;:&quot;1406626499&quot;,&quot;copyright&quot;:&quot;roli@fez.ch&quot;,&quot;focal_length&quot;:&quot;115&quot;,&quot;iso&quot;:&quot;500&quot;,&quot;shutter_speed&quot;:&quot;0.00125&quot;,&quot;title&quot;:&quot;&quot;,&quot;orientation&quot;:&quot;0&quot;}\" data-image-title=\"Saab 105Oe der Heeresflieger mit Bell212 im Hintergrund in Linz\" data-image-description=\"\" data-image-caption=\"\" data-medium-file=\"http:\/\/fez.ch\/wp\/wp-content\/uploads\/2014\/09\/IMG_6973-400x266.jpg\" data-large-file=\"http:\/\/fez.ch\/wp\/wp-content\/uploads\/2014\/09\/IMG_6973-1024x682.jpg\" class=\"wp-image-270 size-medium\" src=\"http:\/\/fez.ch\/wp\/wp-content\/uploads\/2014\/09\/IMG_6973-400x266.jpg\" alt=\"Saab 105Oe der Heeresflieger mit Bell212 im Hintergrund in Linz\" width=\"400\" height=\"266\" srcset=\"http:\/\/fez.ch\/wp\/wp-content\/uploads\/2014\/09\/IMG_6973-400x266.jpg 400w, http:\/\/fez.ch\/wp\/wp-content\/uploads\/2014\/09\/IMG_6973-150x100.jpg 150w, http:\/\/fez.ch\/wp\/wp-content\/uploads\/2014\/09\/IMG_6973-1024x682.jpg 1024w\" sizes=\"auto, (max-width: 400px) 100vw, 400px\" \/><figcaption id=\"caption-attachment-270\" class=\"wp-caption-text\">Saab 105Oe gelbe J und Bell 212 des \u00f6sterreichischen Bundesheer in Linz-H\u00f6rsching<\/figcaption><\/figure>\n<figure id=\"attachment_271\" aria-describedby=\"caption-attachment-271\" style=\"width: 400px\" class=\"wp-caption alignnone\"><img loading=\"lazy\" decoding=\"async\" data-attachment-id=\"271\" data-permalink=\"http:\/\/fez.ch\/wp\/?attachment_id=271\" data-orig-file=\"http:\/\/fez.ch\/wp\/wp-content\/uploads\/2014\/09\/IMG_6985.jpg\" data-orig-size=\"5184,3456\" data-comments-opened=\"0\" data-image-meta=\"{&quot;aperture&quot;:&quot;7.1&quot;,&quot;credit&quot;:&quot;Roland Buechler roli@fez.ch&quot;,&quot;camera&quot;:&quot;Canon EOS 7D&quot;,&quot;caption&quot;:&quot;&quot;,&quot;created_timestamp&quot;:&quot;1406626570&quot;,&quot;copyright&quot;:&quot;roli@fez.ch&quot;,&quot;focal_length&quot;:&quot;230&quot;,&quot;iso&quot;:&quot;500&quot;,&quot;shutter_speed&quot;:&quot;0.00125&quot;,&quot;title&quot;:&quot;&quot;,&quot;orientation&quot;:&quot;0&quot;}\" data-image-title=\"Saab 105Oe Jet Trainer des Bundesheeres\" data-image-description=\"\" data-image-caption=\"\" data-medium-file=\"http:\/\/fez.ch\/wp\/wp-content\/uploads\/2014\/09\/IMG_6985-400x266.jpg\" data-large-file=\"http:\/\/fez.ch\/wp\/wp-content\/uploads\/2014\/09\/IMG_6985-1024x682.jpg\" class=\"wp-image-271 size-medium\" src=\"http:\/\/fez.ch\/wp\/wp-content\/uploads\/2014\/09\/IMG_6985-400x266.jpg\" alt=\"Saab 105Oe Jet Trainer des Bundesheeres\" width=\"400\" height=\"266\" srcset=\"http:\/\/fez.ch\/wp\/wp-content\/uploads\/2014\/09\/IMG_6985-400x266.jpg 400w, http:\/\/fez.ch\/wp\/wp-content\/uploads\/2014\/09\/IMG_6985-150x100.jpg 150w, http:\/\/fez.ch\/wp\/wp-content\/uploads\/2014\/09\/IMG_6985-1024x682.jpg 1024w\" sizes=\"auto, (max-width: 400px) 100vw, 400px\" \/><figcaption id=\"caption-attachment-271\" class=\"wp-caption-text\">Saab 105Oe rote C Jet Trainer des \u00f6sterreichischen Bundesheer in Linz-H\u00f6rsching<\/figcaption><\/figure>\n<figure id=\"attachment_272\" aria-describedby=\"caption-attachment-272\" style=\"width: 400px\" class=\"wp-caption alignnone\"><img loading=\"lazy\" decoding=\"async\" data-attachment-id=\"272\" data-permalink=\"http:\/\/fez.ch\/wp\/?attachment_id=272\" data-orig-file=\"http:\/\/fez.ch\/wp\/wp-content\/uploads\/2014\/09\/IMG_6987.jpg\" data-orig-size=\"5184,3456\" data-comments-opened=\"0\" data-image-meta=\"{&quot;aperture&quot;:&quot;8&quot;,&quot;credit&quot;:&quot;Roland Buechler roli@fez.ch&quot;,&quot;camera&quot;:&quot;Canon EOS 7D&quot;,&quot;caption&quot;:&quot;&quot;,&quot;created_timestamp&quot;:&quot;1406626573&quot;,&quot;copyright&quot;:&quot;roli@fez.ch&quot;,&quot;focal_length&quot;:&quot;185&quot;,&quot;iso&quot;:&quot;500&quot;,&quot;shutter_speed&quot;:&quot;0.001&quot;,&quot;title&quot;:&quot;&quot;,&quot;orientation&quot;:&quot;0&quot;}\" data-image-title=\"Saab 105Oe rote C der Luftstreitkr\u00e4fte (Bundesheer)\" data-image-description=\"\" data-image-caption=\"\" data-medium-file=\"http:\/\/fez.ch\/wp\/wp-content\/uploads\/2014\/09\/IMG_6987-400x266.jpg\" data-large-file=\"http:\/\/fez.ch\/wp\/wp-content\/uploads\/2014\/09\/IMG_6987-1024x682.jpg\" class=\"wp-image-272 size-medium\" src=\"http:\/\/fez.ch\/wp\/wp-content\/uploads\/2014\/09\/IMG_6987-400x266.jpg\" alt=\"Saab 105Oe rote C der Luftstreitkr\u00e4fte (Bundesheer)\" width=\"400\" height=\"266\" srcset=\"http:\/\/fez.ch\/wp\/wp-content\/uploads\/2014\/09\/IMG_6987-400x266.jpg 400w, http:\/\/fez.ch\/wp\/wp-content\/uploads\/2014\/09\/IMG_6987-150x100.jpg 150w, http:\/\/fez.ch\/wp\/wp-content\/uploads\/2014\/09\/IMG_6987-1024x682.jpg 1024w\" sizes=\"auto, (max-width: 400px) 100vw, 400px\" \/><figcaption id=\"caption-attachment-272\" class=\"wp-caption-text\">Saab 105Oe rote C Jet Trainer des \u00f6sterreichischen Bundesheer in Linz-H\u00f6rsching<\/figcaption><\/figure>\n<figure id=\"attachment_273\" aria-describedby=\"caption-attachment-273\" style=\"width: 400px\" class=\"wp-caption alignnone\"><img loading=\"lazy\" decoding=\"async\" data-attachment-id=\"273\" data-permalink=\"http:\/\/fez.ch\/wp\/?attachment_id=273\" data-orig-file=\"http:\/\/fez.ch\/wp\/wp-content\/uploads\/2014\/09\/IMG_6992.jpg\" data-orig-size=\"5184,3456\" data-comments-opened=\"0\" data-image-meta=\"{&quot;aperture&quot;:&quot;8&quot;,&quot;credit&quot;:&quot;Roland Buechler roli@fez.ch&quot;,&quot;camera&quot;:&quot;Canon EOS 7D&quot;,&quot;caption&quot;:&quot;&quot;,&quot;created_timestamp&quot;:&quot;1406626590&quot;,&quot;copyright&quot;:&quot;roli@fez.ch&quot;,&quot;focal_length&quot;:&quot;215&quot;,&quot;iso&quot;:&quot;500&quot;,&quot;shutter_speed&quot;:&quot;0.001&quot;,&quot;title&quot;:&quot;&quot;,&quot;orientation&quot;:&quot;0&quot;}\" data-image-title=\"Saab 105Oe rote C der Luftstreitkr\u00e4fte (Bundesheer)\" data-image-description=\"\" data-image-caption=\"\" data-medium-file=\"http:\/\/fez.ch\/wp\/wp-content\/uploads\/2014\/09\/IMG_6992-400x266.jpg\" data-large-file=\"http:\/\/fez.ch\/wp\/wp-content\/uploads\/2014\/09\/IMG_6992-1024x682.jpg\" class=\"wp-image-273 size-medium\" src=\"http:\/\/fez.ch\/wp\/wp-content\/uploads\/2014\/09\/IMG_6992-400x266.jpg\" alt=\"Saab 105Oe rote C der Luftstreitkr\u00e4fte (Bundesheer)\" width=\"400\" height=\"266\" srcset=\"http:\/\/fez.ch\/wp\/wp-content\/uploads\/2014\/09\/IMG_6992-400x266.jpg 400w, http:\/\/fez.ch\/wp\/wp-content\/uploads\/2014\/09\/IMG_6992-150x100.jpg 150w, http:\/\/fez.ch\/wp\/wp-content\/uploads\/2014\/09\/IMG_6992-1024x682.jpg 1024w\" sizes=\"auto, (max-width: 400px) 100vw, 400px\" \/><figcaption id=\"caption-attachment-273\" class=\"wp-caption-text\">Saab 105Oe rote C und blaue F Jet Trainer des \u00f6sterreichischen Bundesheer in Linz-H\u00f6rsching<\/figcaption><\/figure>\n<p>&nbsp;<\/p>\n","protected":false},"excerpt":{"rendered":"<p>Nach dem Ende des 2. Weltkrieges wurde das Deutsche Reich zerschlagen und \u00d6sterreich herausgebrochen. Das Land wurde in vier Besatzungszonen aufgeteilt und nach dem Abzug der Besatzer wurde dem Land strikte Neutralit\u00e4t verschrieben und die Krallen gestutzt. So wurden Flugzeugen das Tragen von Lenkflugk\u00f6rper verboten als ein Beispiel. Zudem wurde jeweils veraltetes Material beschafft und&hellip; <a class=\"more-link\" href=\"http:\/\/fez.ch\/wp\/?page_id=267\">Continue reading <span class=\"screen-reader-text\">\u00d6sterreichische Luftwaffe (Luftstreitkr\u00e4fte des Bundesheeres) 2014<\/span><\/a><\/p>\n","protected":false},"author":2,"featured_media":0,"parent":0,"menu_order":0,"comment_status":"closed","ping_status":"open","template":"","meta":{"footnotes":""},"class_list":["post-267","page","type-page","status-publish","hentry","entry"],"jetpack_shortlink":"https:\/\/wp.me\/P4awtP-4j","_links":{"self":[{"href":"http:\/\/fez.ch\/wp\/index.php?rest_route=\/wp\/v2\/pages\/267","targetHints":{"allow":["GET"]}}],"collection":[{"href":"http:\/\/fez.ch\/wp\/index.php?rest_route=\/wp\/v2\/pages"}],"about":[{"href":"http:\/\/fez.ch\/wp\/index.php?rest_route=\/wp\/v2\/types\/page"}],"author":[{"embeddable":true,"href":"http:\/\/fez.ch\/wp\/index.php?rest_route=\/wp\/v2\/users\/2"}],"replies":[{"embeddable":true,"href":"http:\/\/fez.ch\/wp\/index.php?rest_route=%2Fwp%2Fv2%2Fcomments&post=267"}],"version-history":[{"count":2,"href":"http:\/\/fez.ch\/wp\/index.php?rest_route=\/wp\/v2\/pages\/267\/revisions"}],"predecessor-version":[{"id":314,"href":"http:\/\/fez.ch\/wp\/index.php?rest_route=\/wp\/v2\/pages\/267\/revisions\/314"}],"wp:attachment":[{"href":"http:\/\/fez.ch\/wp\/index.php?rest_route=%2Fwp%2Fv2%2Fmedia&parent=267"}],"curies":[{"name":"wp","href":"https:\/\/api.w.org\/{rel}","templated":true}]}}