{"id":254,"date":"2014-04-08T18:35:10","date_gmt":"2014-04-08T17:35:10","guid":{"rendered":"http:\/\/fez.ch\/wp\/?page_id=254"},"modified":"2014-09-15T20:36:22","modified_gmt":"2014-09-15T19:36:22","slug":"flotille-36f-aufgemotzte-panther","status":"publish","type":"page","link":"http:\/\/fez.ch\/wp\/?page_id=254","title":{"rendered":"aufgemotzte Panther der franz\u00f6sischen Flotille 36F der Marineflieger"},"content":{"rendered":"<figure id=\"attachment_257\" aria-describedby=\"caption-attachment-257\" style=\"width: 400px\" class=\"wp-caption alignnone\"><img loading=\"lazy\" decoding=\"async\" data-attachment-id=\"257\" data-permalink=\"http:\/\/fez.ch\/wp\/?attachment_id=257\" data-orig-file=\"http:\/\/fez.ch\/wp\/wp-content\/uploads\/2014\/04\/IMG_4741.jpg\" data-orig-size=\"3456,2304\" data-comments-opened=\"0\" data-image-meta=\"{&quot;aperture&quot;:&quot;25&quot;,&quot;credit&quot;:&quot;Roland Buechler roli@fez.ch&quot;,&quot;camera&quot;:&quot;Canon EOS 7D&quot;,&quot;caption&quot;:&quot;&quot;,&quot;created_timestamp&quot;:&quot;1381492424&quot;,&quot;copyright&quot;:&quot;roli@fez.ch&quot;,&quot;focal_length&quot;:&quot;140&quot;,&quot;iso&quot;:&quot;400&quot;,&quot;shutter_speed&quot;:&quot;0.003125&quot;,&quot;title&quot;:&quot;&quot;}\" data-image-title=\"Airbus Helicopter AS365SA Panther\" data-image-description=\"\" data-image-caption=\"\" data-medium-file=\"http:\/\/fez.ch\/wp\/wp-content\/uploads\/2014\/04\/IMG_4741-400x266.jpg\" data-large-file=\"http:\/\/fez.ch\/wp\/wp-content\/uploads\/2014\/04\/IMG_4741-1024x682.jpg\" class=\"wp-image-257 size-medium\" src=\"http:\/\/fez.ch\/wp\/wp-content\/uploads\/2014\/04\/IMG_4741-400x266.jpg\" alt=\"Airbus Helicopter AS365SA Panther\" width=\"400\" height=\"266\" srcset=\"http:\/\/fez.ch\/wp\/wp-content\/uploads\/2014\/04\/IMG_4741-400x266.jpg 400w, http:\/\/fez.ch\/wp\/wp-content\/uploads\/2014\/04\/IMG_4741-150x100.jpg 150w, http:\/\/fez.ch\/wp\/wp-content\/uploads\/2014\/04\/IMG_4741-1024x682.jpg 1024w\" sizes=\"auto, (max-width: 400px) 100vw, 400px\" \/><figcaption id=\"caption-attachment-257\" class=\"wp-caption-text\">Airbus Helicopter AS365SA Panther der Flottile 36F<\/figcaption><\/figure>\n<figure id=\"attachment_255\" aria-describedby=\"caption-attachment-255\" style=\"width: 400px\" class=\"wp-caption alignnone\"><img loading=\"lazy\" decoding=\"async\" data-attachment-id=\"255\" data-permalink=\"http:\/\/fez.ch\/wp\/?attachment_id=255\" data-orig-file=\"http:\/\/fez.ch\/wp\/wp-content\/uploads\/2014\/04\/IMG_4343.jpg\" data-orig-size=\"3456,2304\" data-comments-opened=\"0\" data-image-meta=\"{&quot;aperture&quot;:&quot;13&quot;,&quot;credit&quot;:&quot;Roland Buechler roli@fez.ch&quot;,&quot;camera&quot;:&quot;Canon EOS 7D&quot;,&quot;caption&quot;:&quot;&quot;,&quot;created_timestamp&quot;:&quot;1381341642&quot;,&quot;copyright&quot;:&quot;roli@fez.ch&quot;,&quot;focal_length&quot;:&quot;280&quot;,&quot;iso&quot;:&quot;200&quot;,&quot;shutter_speed&quot;:&quot;0.004&quot;,&quot;title&quot;:&quot;&quot;}\" data-image-title=\"Airbus Helicopter AS365SA Panther\" data-image-description=\"\" data-image-caption=\"\" data-medium-file=\"http:\/\/fez.ch\/wp\/wp-content\/uploads\/2014\/04\/IMG_4343-400x266.jpg\" data-large-file=\"http:\/\/fez.ch\/wp\/wp-content\/uploads\/2014\/04\/IMG_4343-1024x682.jpg\" class=\"wp-image-255 size-medium\" src=\"http:\/\/fez.ch\/wp\/wp-content\/uploads\/2014\/04\/IMG_4343-400x266.jpg\" alt=\"Airbus Helicopter AS365SA Panther\" width=\"400\" height=\"266\" srcset=\"http:\/\/fez.ch\/wp\/wp-content\/uploads\/2014\/04\/IMG_4343-400x266.jpg 400w, http:\/\/fez.ch\/wp\/wp-content\/uploads\/2014\/04\/IMG_4343-150x100.jpg 150w, http:\/\/fez.ch\/wp\/wp-content\/uploads\/2014\/04\/IMG_4343-1024x682.jpg 1024w\" sizes=\"auto, (max-width: 400px) 100vw, 400px\" \/><figcaption id=\"caption-attachment-255\" class=\"wp-caption-text\">Airbus Helicopter AS.565 Panther French Navy<\/figcaption><\/figure>\n<figure id=\"attachment_256\" aria-describedby=\"caption-attachment-256\" style=\"width: 400px\" class=\"wp-caption alignnone\"><img loading=\"lazy\" decoding=\"async\" data-attachment-id=\"256\" data-permalink=\"http:\/\/fez.ch\/wp\/?attachment_id=256\" data-orig-file=\"http:\/\/fez.ch\/wp\/wp-content\/uploads\/2014\/04\/IMG_4734.jpg\" data-orig-size=\"3456,2304\" data-comments-opened=\"0\" data-image-meta=\"{&quot;aperture&quot;:&quot;25&quot;,&quot;credit&quot;:&quot;Roland Buechler roli@fez.ch&quot;,&quot;camera&quot;:&quot;Canon EOS 7D&quot;,&quot;caption&quot;:&quot;&quot;,&quot;created_timestamp&quot;:&quot;1381492419&quot;,&quot;copyright&quot;:&quot;roli@fez.ch&quot;,&quot;focal_length&quot;:&quot;270&quot;,&quot;iso&quot;:&quot;400&quot;,&quot;shutter_speed&quot;:&quot;0.003125&quot;,&quot;title&quot;:&quot;&quot;}\" data-image-title=\"Airbus Helicopter AS365SA Panther\" data-image-description=\"\" data-image-caption=\"\" data-medium-file=\"http:\/\/fez.ch\/wp\/wp-content\/uploads\/2014\/04\/IMG_4734-400x266.jpg\" data-large-file=\"http:\/\/fez.ch\/wp\/wp-content\/uploads\/2014\/04\/IMG_4734-1024x682.jpg\" class=\"wp-image-256 size-medium\" src=\"http:\/\/fez.ch\/wp\/wp-content\/uploads\/2014\/04\/IMG_4734-400x266.jpg\" alt=\"Airbus Helicopter AS365SA Panther\" width=\"400\" height=\"266\" srcset=\"http:\/\/fez.ch\/wp\/wp-content\/uploads\/2014\/04\/IMG_4734-400x266.jpg 400w, http:\/\/fez.ch\/wp\/wp-content\/uploads\/2014\/04\/IMG_4734-150x100.jpg 150w, http:\/\/fez.ch\/wp\/wp-content\/uploads\/2014\/04\/IMG_4734-1024x682.jpg 1024w\" sizes=\"auto, (max-width: 400px) 100vw, 400px\" \/><figcaption id=\"caption-attachment-256\" class=\"wp-caption-text\">Airbus Helicopter AS565 Panther der franz\u00f6sischen Marineflieger<\/figcaption><\/figure>\n<p>Die Franz\u00f6sischen Marineflieger fliegen seit 1995 mit der militarisierten Variante der Dauphin II, dem AS.565 Panther.\u00a0Diese wurde ab 2007 f\u00fcr Modernisierungen \u00fcberpr\u00fcft. Dabei wurde aus Kostengr\u00fcnden, welche die Einf\u00fchrung des NH90 Caiman im Auge hat nicht alles technisch m\u00f6gliche eingebaut, sondern lediglich jene mit dem besten Kosten\/Nutzenverh\u00e4ltnis. zu diesen Modernisierungen geh\u00f6rt der neue L11-Datenlink, der Sensorturm mit dem Euroflir 410 mit W\u00e4rmebild- \u00a0und Fersehbildkamera sowie einem Laserentfernungsmesser.\u00a0Hierf\u00fcr ist in der Kabine hinten eine Arbeitsstation f\u00fcr den Sensoroperteur installiert worden.<span style=\"line-height: 1.5;\">\u00a0Dies hat das Abfluggewicht erh\u00f6ht, doch st\u00e4rkere Turbinen und ein modernes Radar wurden nicht eingebaut.\u00a0<\/span><span style=\"line-height: 1.5;\">Die Bewaffnung stand auch nicht im Vordergrund, da der Bordhubschrauber zumeist als vorgeschobener Beobachter f\u00fcr die ihn transportierenden Fregatten agiert. Die Fregatte selbst kann dank dem Datenlink der Panter ihre Exocet weiter ins Ziel lenken lassen.<\/span><span style=\"line-height: 1.5;\">Als Offensivbewaffnung werden lediglich ein ANF1 7.62mm Maschinengewehr und eine 12.7mm Scharfsch\u00fctzengewehr. \u00a0<\/span><\/p>\n","protected":false},"excerpt":{"rendered":"<p>Die Franz\u00f6sischen Marineflieger fliegen seit 1995 mit der militarisierten Variante der Dauphin II, dem AS.565 Panther.\u00a0Diese wurde ab 2007 f\u00fcr Modernisierungen \u00fcberpr\u00fcft. Dabei wurde aus Kostengr\u00fcnden, welche die Einf\u00fchrung des NH90 Caiman im Auge hat nicht alles technisch m\u00f6gliche eingebaut, sondern lediglich jene mit dem besten Kosten\/Nutzenverh\u00e4ltnis. zu diesen Modernisierungen geh\u00f6rt der neue L11-Datenlink, der&hellip; <a class=\"more-link\" href=\"http:\/\/fez.ch\/wp\/?page_id=254\">Continue reading <span class=\"screen-reader-text\">aufgemotzte Panther der franz\u00f6sischen Flotille 36F der Marineflieger<\/span><\/a><\/p>\n","protected":false},"author":2,"featured_media":0,"parent":0,"menu_order":0,"comment_status":"closed","ping_status":"open","template":"","meta":{"footnotes":""},"class_list":["post-254","page","type-page","status-publish","hentry","entry"],"jetpack_shortlink":"https:\/\/wp.me\/P4awtP-46","_links":{"self":[{"href":"http:\/\/fez.ch\/wp\/index.php?rest_route=\/wp\/v2\/pages\/254","targetHints":{"allow":["GET"]}}],"collection":[{"href":"http:\/\/fez.ch\/wp\/index.php?rest_route=\/wp\/v2\/pages"}],"about":[{"href":"http:\/\/fez.ch\/wp\/index.php?rest_route=\/wp\/v2\/types\/page"}],"author":[{"embeddable":true,"href":"http:\/\/fez.ch\/wp\/index.php?rest_route=\/wp\/v2\/users\/2"}],"replies":[{"embeddable":true,"href":"http:\/\/fez.ch\/wp\/index.php?rest_route=%2Fwp%2Fv2%2Fcomments&post=254"}],"version-history":[{"count":5,"href":"http:\/\/fez.ch\/wp\/index.php?rest_route=\/wp\/v2\/pages\/254\/revisions"}],"predecessor-version":[{"id":284,"href":"http:\/\/fez.ch\/wp\/index.php?rest_route=\/wp\/v2\/pages\/254\/revisions\/284"}],"wp:attachment":[{"href":"http:\/\/fez.ch\/wp\/index.php?rest_route=%2Fwp%2Fv2%2Fmedia&parent=254"}],"curies":[{"name":"wp","href":"https:\/\/api.w.org\/{rel}","templated":true}]}}