{"id":194,"date":"2014-02-27T21:49:57","date_gmt":"2014-02-27T20:49:57","guid":{"rendered":"http:\/\/fez.ch\/wp\/?page_id=194"},"modified":"2017-09-18T09:50:39","modified_gmt":"2017-09-18T08:50:39","slug":"reportage-2","status":"publish","type":"page","link":"http:\/\/fez.ch\/wp\/?page_id=194","title":{"rendered":"Reportage Israel Air and Space Force"},"content":{"rendered":"<p><img loading=\"lazy\" decoding=\"async\" data-attachment-id=\"201\" data-permalink=\"http:\/\/fez.ch\/wp\/?attachment_id=201\" data-orig-file=\"http:\/\/fez.ch\/wp\/wp-content\/uploads\/2014\/02\/Bilder_Israelreise_07_5021.jpg\" data-orig-size=\"1024,681\" data-comments-opened=\"0\" data-image-meta=\"{&quot;aperture&quot;:&quot;0&quot;,&quot;credit&quot;:&quot;&quot;,&quot;camera&quot;:&quot;&quot;,&quot;caption&quot;:&quot;&quot;,&quot;created_timestamp&quot;:&quot;0&quot;,&quot;copyright&quot;:&quot;&quot;,&quot;focal_length&quot;:&quot;0&quot;,&quot;iso&quot;:&quot;0&quot;,&quot;shutter_speed&quot;:&quot;0&quot;,&quot;title&quot;:&quot;&quot;}\" data-image-title=\"Bilder_Israelreise_07_502\" data-image-description=\"\" data-image-caption=\"&lt;p&gt;IAI Kfir TC.2 Doppelsitzer, Nr. 310 der israelischen Luftwaffe&lt;\/p&gt;\n\" data-medium-file=\"http:\/\/fez.ch\/wp\/wp-content\/uploads\/2014\/02\/Bilder_Israelreise_07_5021-400x266.jpg\" data-large-file=\"http:\/\/fez.ch\/wp\/wp-content\/uploads\/2014\/02\/Bilder_Israelreise_07_5021.jpg\" class=\"alignnone size-medium wp-image-201\" src=\"http:\/\/fez.ch\/wp\/wp-content\/uploads\/2014\/02\/Bilder_Israelreise_07_5021-400x266.jpg\" alt=\"Bilder_Israelreise_07_502\" width=\"400\" height=\"266\" srcset=\"http:\/\/fez.ch\/wp\/wp-content\/uploads\/2014\/02\/Bilder_Israelreise_07_5021-400x266.jpg 400w, http:\/\/fez.ch\/wp\/wp-content\/uploads\/2014\/02\/Bilder_Israelreise_07_5021.jpg 1024w\" sizes=\"auto, (max-width: 400px) 100vw, 400px\" \/>Die israelische Luftwaffe hatte nach der Gr\u00fcndung des Staates Israel und dem durch die angrenzenden Staaten vom Zaun gerissenen Unabh\u00e4ngigkeitskrieg bereits ihre erste Bew\u00e4hrungsprobe. Mit einem eilig zusammenorganisierten Inventar aus ausgemusterten 2. WK-Flugzeugen konnte die IAF ihr Land und den Luftraum sichern. Heute 60 Jahre sp\u00e4ter dominiert die IASF dank neusten Kampfflugzeugen, \u00fcberragenden EKF-Tr\u00e4gerflugzeugen, weit fortgeschrittenen Kampf- und Aufkl\u00e4rungsdronen sowie den wohl best ausgebildeten Piloten in der Region die Region. Die seit rund 20 Jahren im nahen Osten stationierten U.S. Verb\u00e4nde waren trotzdem dass Israel der vertrauensw\u00fcrdigste Verb\u00fcndete in der Region ist, nie in Israel stationiert.<\/p>\n<div class=\"tiled-gallery type-rectangular tiled-gallery-unresized\" data-original-width=\"865\" data-carousel-extra='{&quot;blog_id&quot;:1,&quot;permalink&quot;:&quot;http:\\\/\\\/fez.ch\\\/wp\\\/?page_id=194&quot;,&quot;likes_blog_id&quot;:61613481}' itemscope itemtype=\"http:\/\/schema.org\/ImageGallery\" > <div class=\"gallery-row\" style=\"width: 865px; height: 556px;\" data-original-width=\"865\" data-original-height=\"556\" > <div class=\"gallery-group images-1\" style=\"width: 865px; height: 556px;\" data-original-width=\"865\" data-original-height=\"556\" > <div class=\"tiled-gallery-item tiled-gallery-item-large\" itemprop=\"associatedMedia\" itemscope itemtype=\"http:\/\/schema.org\/ImageObject\"> <a href=\"http:\/\/fez.ch\/wp\/?attachment_id=199\" border=\"0\" itemprop=\"url\"> <meta itemprop=\"width\" content=\"861\"> <meta itemprop=\"height\" content=\"552\"> <img decoding=\"async\" class=\"\" data-attachment-id=\"199\" data-orig-file=\"http:\/\/fez.ch\/wp\/wp-content\/uploads\/2014\/02\/adr.jpg\" data-orig-size=\"574,368\" data-comments-opened=\"\" data-image-meta=\"{&quot;aperture&quot;:&quot;0&quot;,&quot;credit&quot;:&quot;&quot;,&quot;camera&quot;:&quot;&quot;,&quot;caption&quot;:&quot;&quot;,&quot;created_timestamp&quot;:&quot;0&quot;,&quot;copyright&quot;:&quot;&quot;,&quot;focal_length&quot;:&quot;0&quot;,&quot;iso&quot;:&quot;0&quot;,&quot;shutter_speed&quot;:&quot;0&quot;,&quot;title&quot;:&quot;&quot;}\" data-image-title=\"Bell 206\" data-image-description=\"\" data-medium-file=\"http:\/\/fez.ch\/wp\/wp-content\/uploads\/2014\/02\/adr-300x192.jpg\" data-large-file=\"http:\/\/fez.ch\/wp\/wp-content\/uploads\/2014\/02\/adr.jpg\" src=\"https:\/\/i0.wp.com\/fez.ch\/wp\/wp-content\/uploads\/2014\/02\/adr.jpg?w=861&#038;h=552\" srcset=\"http:\/\/fez.ch\/wp\/wp-content\/uploads\/2014\/02\/adr.jpg 574w, http:\/\/fez.ch\/wp\/wp-content\/uploads\/2014\/02\/adr-300x192.jpg 300w\" width=\"861\" height=\"552\" loading=\"lazy\" data-original-width=\"861\" data-original-height=\"552\" itemprop=\"http:\/\/schema.org\/image\" title=\"Bell 206\" alt=\"IAF Saifan\" style=\"width: 861px; height: 552px;\" \/> <\/a> <div class=\"tiled-gallery-caption\" itemprop=\"caption description\"> IAF Saifan <\/div> <\/div> <\/div> <!-- close group --> <\/div> <!-- close row --> <\/div>\n<p>Dieser heute ausserdienstgestellte Kiowa diente ausser der Ausbildung auch f\u00fcr Liasonfl\u00fcge.<\/p>\n<figure id=\"attachment_401\" aria-describedby=\"caption-attachment-401\" style=\"width: 400px\" class=\"wp-caption alignnone\"><img loading=\"lazy\" decoding=\"async\" data-attachment-id=\"401\" data-permalink=\"http:\/\/fez.ch\/wp\/?attachment_id=401\" data-orig-file=\"http:\/\/fez.ch\/wp\/wp-content\/uploads\/2015\/07\/IMG_4645.jpg\" data-orig-size=\"3264,2448\" data-comments-opened=\"0\" data-image-meta=\"{&quot;aperture&quot;:&quot;2.4&quot;,&quot;credit&quot;:&quot;&quot;,&quot;camera&quot;:&quot;iPhone 4S&quot;,&quot;caption&quot;:&quot;&quot;,&quot;created_timestamp&quot;:&quot;1429786339&quot;,&quot;copyright&quot;:&quot;&quot;,&quot;focal_length&quot;:&quot;4.28&quot;,&quot;iso&quot;:&quot;50&quot;,&quot;shutter_speed&quot;:&quot;0.00065189048239896&quot;,&quot;title&quot;:&quot;&quot;,&quot;orientation&quot;:&quot;1&quot;}\" data-image-title=\"Saraf\" data-image-description=\"\" data-image-caption=\"&lt;p&gt;Boeing AH-64D Saraf (Longbow Apache) der Israelischen Luftwaffe&lt;\/p&gt;\n\" data-medium-file=\"http:\/\/fez.ch\/wp\/wp-content\/uploads\/2015\/07\/IMG_4645-400x300.jpg\" data-large-file=\"http:\/\/fez.ch\/wp\/wp-content\/uploads\/2015\/07\/IMG_4645-1024x768.jpg\" class=\"size-medium wp-image-401\" src=\"http:\/\/fez.ch\/wp\/wp-content\/uploads\/2015\/07\/IMG_4645-400x300.jpg\" alt=\"Israel Air Force Helicopter\" width=\"400\" height=\"300\" srcset=\"http:\/\/fez.ch\/wp\/wp-content\/uploads\/2015\/07\/IMG_4645-400x300.jpg 400w, http:\/\/fez.ch\/wp\/wp-content\/uploads\/2015\/07\/IMG_4645-150x113.jpg 150w, http:\/\/fez.ch\/wp\/wp-content\/uploads\/2015\/07\/IMG_4645-1024x768.jpg 1024w\" sizes=\"auto, (max-width: 400px) 100vw, 400px\" \/><figcaption id=\"caption-attachment-401\" class=\"wp-caption-text\">Boeing AH-64D Saraf (Longbow Apache) der Israelischen Luftwaffe<\/figcaption><\/figure>\n","protected":false},"excerpt":{"rendered":"<p>Die israelische Luftwaffe hatte nach der Gr\u00fcndung des Staates Israel und dem durch die angrenzenden Staaten vom Zaun gerissenen Unabh\u00e4ngigkeitskrieg bereits ihre erste Bew\u00e4hrungsprobe. Mit einem eilig zusammenorganisierten Inventar aus ausgemusterten 2. WK-Flugzeugen konnte die IAF ihr Land und den Luftraum sichern. Heute 60 Jahre sp\u00e4ter dominiert die IASF dank neusten Kampfflugzeugen, \u00fcberragenden EKF-Tr\u00e4gerflugzeugen, weit&hellip; <a class=\"more-link\" href=\"http:\/\/fez.ch\/wp\/?page_id=194\">Continue reading <span class=\"screen-reader-text\">Reportage Israel Air and Space Force<\/span><\/a><\/p>\n","protected":false},"author":2,"featured_media":0,"parent":0,"menu_order":0,"comment_status":"closed","ping_status":"open","template":"","meta":{"footnotes":""},"class_list":["post-194","page","type-page","status-publish","hentry","entry"],"jetpack_shortlink":"https:\/\/wp.me\/P4awtP-38","_links":{"self":[{"href":"http:\/\/fez.ch\/wp\/index.php?rest_route=\/wp\/v2\/pages\/194","targetHints":{"allow":["GET"]}}],"collection":[{"href":"http:\/\/fez.ch\/wp\/index.php?rest_route=\/wp\/v2\/pages"}],"about":[{"href":"http:\/\/fez.ch\/wp\/index.php?rest_route=\/wp\/v2\/types\/page"}],"author":[{"embeddable":true,"href":"http:\/\/fez.ch\/wp\/index.php?rest_route=\/wp\/v2\/users\/2"}],"replies":[{"embeddable":true,"href":"http:\/\/fez.ch\/wp\/index.php?rest_route=%2Fwp%2Fv2%2Fcomments&post=194"}],"version-history":[{"count":8,"href":"http:\/\/fez.ch\/wp\/index.php?rest_route=\/wp\/v2\/pages\/194\/revisions"}],"predecessor-version":[{"id":198,"href":"http:\/\/fez.ch\/wp\/index.php?rest_route=\/wp\/v2\/pages\/194\/revisions\/198"}],"wp:attachment":[{"href":"http:\/\/fez.ch\/wp\/index.php?rest_route=%2Fwp%2Fv2%2Fmedia&parent=194"}],"curies":[{"name":"wp","href":"https:\/\/api.w.org\/{rel}","templated":true}]}}